{"id":102,"date":"2017-05-30T14:24:11","date_gmt":"2017-05-30T14:24:11","guid":{"rendered":"https:\/\/www.leapacademycharter.org\/?page_id=102"},"modified":"2026-04-02T15:02:35","modified_gmt":"2026-04-02T19:02:35","slug":"public-information","status":"publish","type":"page","link":"https:\/\/www.leapacademycharter.org\/es\/parent-engagement-center\/public-information\/","title":{"rendered":"Public Information"},"content":{"rendered":"<h2>LEAP Academy Public Information Notices and Advisories<\/h2>\n<p>LEAP Academy is committed to sharing important information with our entire community. Below are various documents with current information on important issues:<br \/>\n<ul class=\"resources-minutes-list\"><li><a class=\"readmore\" href=\"https:\/\/www.leapacademycharter.org\/wp-content\/uploads\/2026\/04\/Bid-26-3-532-cooper-HVAC-upgrades-unit-ventilators-bid-advertisement.pdf\">Bid 26-3 532 cooper HVAC upgrades -unit ventilators bid advertisement.docx<\/a><\/li><li><a class=\"readmore\" href=\"https:\/\/www.leapacademycharter.org\/wp-content\/uploads\/2026\/03\/CHANGE-OF-LEGAL-NOTICE-PUBLISHING-METHOD-OF-LEAP-ACADEMY-CHARTER-SCHOOL.pdf\">CHANGE OF LEGAL NOTICE PUBLISHING METHOD OF LEAP ACADEMY CHARTER SCHOOL<\/a><\/li><li><a class=\"readmore\" href=\"https:\/\/www.leapacademycharter.org\/wp-content\/uploads\/2026\/03\/Bid_Cancellation_Notice-26-2-532-COOPER-LIGHTING-AND-HVAC-UPGRADES.pdf\"> BID CANCELLATION NOTICE  Bid No. 26-2 <\/a><\/li><li><a class=\"readmore\" href=\"https:\/\/www.leapacademycharter.org\/wp-content\/uploads\/2026\/03\/26-2-532-cooper-lighting-and-HVAC-upgrades-RE-bid-advertisement.pdf\">532 cooper lighting and HVAC upgrades RE-bid advertisement<\/a><\/li><li><a class=\"readmore\" href=\"https:\/\/www.leapacademycharter.org\/wp-content\/uploads\/2025\/12\/HIB-Self-Assessment.pdf\">School Self-Assessment for Determining Grades under the Anti-Bullying Bill of Rights Act July 1, 2024\u2013June 30, 2025<\/a><\/li><li><a class=\"readmore\" href=\"https:\/\/www.leapacademycharter.org\/wp-content\/uploads\/2025\/11\/LEAP-Yr-1-Evaluation24-25.pdf\">LEAP ACADEMY YEAR 1 REPORT 21st Century Grant Program<\/a><\/li><li><a class=\"readmore\" href=\"https:\/\/www.leapacademycharter.org\/wp-content\/uploads\/2025\/10\/2025HIB_Incident_Form_ForLEAs.pdf\">HIB 338 Form Harassment, Intimidation, or Bullying (HIB) Mandatory Reporting Form 2025-2026 School Year <\/a><\/li><li><a class=\"readmore\" href=\"https:\/\/www.leapacademycharter.org\/wp-content\/uploads\/2025\/10\/2025HIB_Incident_Form_ForFamilies.pdf\">2025HIB_Incident_Form_ForFamilies<\/a><\/li><li><a class=\"readmore\" href=\"https:\/\/www.leapacademycharter.org\/wp-content\/uploads\/2025\/09\/State-Of-NJ-Assessment-Notification-For-Parents.pdf\">LEAP ACADEMEY UNIVERSITY CHARTER SCHOOL 2025-2026 ASSESSMENT NOTIFICATION<\/a><\/li><li><a class=\"readmore\" href=\"https:\/\/www.leapacademycharter.org\/wp-content\/uploads\/2025\/09\/Blank-Form-357-Wellness-Policy-Assessment-Tool.pdf\">Wellness Policy Assessment Tool Form<\/a><\/li><li><a class=\"readmore\" href=\"https:\/\/www.leapacademycharter.org\/wp-content\/uploads\/2025\/07\/HIB-Asseaament.pdf\">School Self-Assessment for Determining Gradesunder the Anti-Bullying Bill of Rights Act<\/a><\/li><li><a class=\"readmore\" href=\"https:\/\/www.leapacademycharter.org\/wp-content\/uploads\/2025\/07\/Remote-Learning-Plan-25-26.pdf\">District Remote Learning Plan  2025-2026<\/a><\/li><li><a class=\"readmore\" href=\"https:\/\/www.leapacademycharter.org\/wp-content\/uploads\/2025\/03\/non-discrimination-statement.pdf\">US Department of Agriculture Non-Discrimination Statement<\/a><\/li><li><a class=\"readmore\" href=\"https:\/\/www.leapacademycharter.org\/wp-content\/uploads\/2025\/03\/Form-357-Wellness-Policy-Assessment-Tool_08.2017-post.pdf\"> Wellness Policy Assessment Tool <\/a><\/li><li><a class=\"readmore\" href=\"https:\/\/www.leapacademycharter.org\/wp-content\/uploads\/2025\/02\/BilingualPowerofAttorneyForm.pdf\">PLANIFICACI\u00d3N DE EMERGENCIAS EN CASO DE DETENCI\u00d3N O DEPORTACI\u00d3N DE PADRES<\/a><\/li><li><a class=\"readmore\" href=\"https:\/\/www.leapacademycharter.org\/wp-content\/uploads\/2025\/02\/BilingualPowerofAttorneyForm.pdf\">EMERGENCY PLANNING IN CASE OF THE DETENTION OR DEPORTATION OF PARENTS<\/a><\/li><li><a class=\"readmore\" href=\"https:\/\/www.leapacademycharter.org\/wp-content\/uploads\/2024\/11\/Form-357-Wellness-Policy-Assessment-Tool-LEAP.pdf\">Form 357 Wellness Policy Assessment Tool-LEAP<\/a><\/li><li><a class=\"readmore\" href=\"https:\/\/www.leapacademycharter.org\/wp-content\/uploads\/2024\/10\/LEAP-Blue-And-Pink-Laundry-Flyer-Version-1.pdf\">FREE LAUNDRY PROGRAM FOR FAMILIES<\/a><\/li><li><a class=\"readmore\" href=\"https:\/\/www.leapacademycharter.org\/wp-content\/uploads\/2024\/10\/Remote-Learning-Plan-24-25.pdf\">District Remote Learning Plan  2024-2025<\/a><\/li><li><a class=\"readmore\" href=\"https:\/\/www.leapacademycharter.org\/wp-content\/uploads\/2024\/09\/Revised-LEAP-Annual-Parent-Title-1-Meeting-Minutes-092424.pdf\">Revised LEAP Annual Parent Meeting Minutes 2024<\/a><\/li><li><a class=\"readmore\" href=\"https:\/\/www.leapacademycharter.org\/wp-content\/uploads\/2024\/09\/LEAP-Annual-Title-1-Parent-Meeting-2024-1.pdf\">LEAP Annual Title 1 Parent Meeting 2024<\/a><\/li><li><a class=\"readmore\" href=\"https:\/\/www.leapacademycharter.org\/wp-content\/uploads\/2024\/08\/Lead-in-water-testing-information-fy2025.pdf\">Lead in Water Testing Information 2024<\/a><\/li><li><a class=\"readmore\" href=\"https:\/\/www.leapacademycharter.org\/wp-content\/uploads\/2024\/07\/public-notice.pdf\">PUBLIC NOTICE 2024-2025 PUBLIC BOARD MEETINGS SCHEDULE<\/a><\/li><li><a class=\"readmore\" href=\"https:\/\/www.leapacademycharter.org\/wp-content\/uploads\/2024\/06\/SafeReturnPlan-2024-June.pdf\">Safe Reopening Plan  2024<\/a><\/li><li><a class=\"readmore\" href=\"https:\/\/www.leapacademycharter.org\/wp-content\/uploads\/2024\/03\/24-03-1922-Public-Notice-demolition.pdf\">Public Notice Request for Proposal Demolition Contractor Film<\/a><\/li><li><a class=\"readmore\" href=\"https:\/\/www.leapacademycharter.org\/wp-content\/uploads\/2023\/09\/LEAP-Annual-Parent-Title-1-Meeting-Minutes-091923.pdf\">Title 1 A Parent and Parent Involvement Meeting Minutes<\/a><\/li><li><a class=\"readmore\" href=\"https:\/\/rc.doe.state.nj.us\/selectreport\/2021-2022\/80\/7109\">School Performance Report <\/a><\/li><li><a class=\"readmore\" href=\"https:\/\/www.leapacademycharter.org\/wp-content\/uploads\/2022\/11\/SafeReturnPlan-update-11_17_2022.pdf\">(English) LEAP Academy SAFE REOPENING PLAN 2022<\/a><\/li><li><a class=\"readmore\" href=\"https:\/\/www.leapacademycharter.org\/wp-content\/uploads\/2022\/08\/Form-213-USDA-Nondiscrimination-Statement-August-202210762.pdf\">(English) USDA Nondiscrimination Statement 2022<\/a><\/li><li><a class=\"readmore\" href=\"https:\/\/www.leapacademycharter.org\/wp-content\/uploads\/2022\/09\/Family-Handbook-202-2023.pdf\">LEAP Academy Handbook 2022-2023<\/a><\/li><li><a class=\"readmore\" href=\"https:\/\/hifundnj.com\/\">(English) The link below lead to machine-readable files related to our group health plan offerings that are made available in response to the federal Transparency in Coverage Rule and includes negotiated service rates and out-of-network allowed amounts between health plans and healthcare providers. The machine-readable files are formatted to allow researchers, regulators, and application developers to access and analyze data more easily.<\/a><\/li><li><a class=\"readmore\" href=\"https:\/\/www.leapacademycharter.org\/wp-content\/uploads\/2022\/06\/LEAP_Academy_Water_test_results_2022.pdf\">(English) LEAP Academy Water Test Results 2022<\/a><\/li><li><a class=\"readmore\" href=\"https:\/\/www.leapacademycharter.org\/wp-content\/uploads\/2022\/02\/Legal-Notice-23-28-Food-Service-Management-Company3327.pdf\">(English) Legal Notice 23-28 Food Service Management Company<\/a><\/li><li><a class=\"readmore\" href=\"https:\/\/www.leapacademycharter.org\/wp-content\/uploads\/2022\/02\/Construction-and-GC-Management-of-527-Cooper-New-Building.pdf\">(English) Legal Notice\/ Bid  Construction and GC Management of 527 Cooper New Building<\/a><\/li><li><a class=\"readmore\" href=\"https:\/\/www.leapacademycharter.org\/wp-content\/uploads\/2021\/12\/Legal-Notice-fy22-3bid22446.pdf\">(English) LEGAL NOTICE\/Bid22-3 Technology Equipment<\/a><\/li><li><a class=\"readmore\" href=\"https:\/\/www.leapacademycharter.org\/wp-content\/uploads\/2021\/12\/Legal-Notice-fy22-4bid-527-building22445.pdf\">(English) LEGAL NOTICE\/Bid22-4  Construction and GC Management of 527 Cooper New Building<\/a><\/li><li><a class=\"readmore\" href=\"https:\/\/www.leapacademycharter.org\/wp-content\/uploads\/2021\/12\/ARP-ESSER-Fund-Use-Plan21903.pdf\">(English) ARP ESSER Fund Use Plan<\/a><\/li><li><a class=\"readmore\" href=\"https:\/\/www.leapacademycharter.org\/wp-content\/uploads\/2021\/10\/Remote-Learning-Protocols20739.pdf\">(English) LEAP Academy District Remote Learning Plan<\/a><\/li><li><a class=\"readmore\" href=\"https:\/\/www.leapacademycharter.org\/wp-content\/uploads\/2021\/08\/New-Jersey-Analytical-Laboratories-LLC-DW-LEAD.pdf\">(English) New Jersey Analytical Laboratories LLC DW LEAD 2021<\/a><\/li><li><a class=\"readmore\" href=\"https:\/\/www.leapacademycharter.org\/wp-content\/uploads\/2021\/08\/Basics-2012ipf-1RADON18095.pdf\">(English) RADON TESTING AND MITIGATION: THE BASICS<\/a><\/li><li><a class=\"readmore\" href=\"https:\/\/www.leapacademycharter.org\/wp-content\/uploads\/2021\/08\/2021-08-10_RADON-for-532-Cooper-549-Cooper-639-Cooper-and-130-N.Broadway18094.pdf\">(English) NJ Radon Business License 2021<\/a><\/li><li><a class=\"readmore\" href=\"https:\/\/www.leapacademycharter.org\/wp-content\/uploads\/2021\/05\/Legal-Notice-fy22-115662.pdf\">(English) LEGAL NOTICE-2022-1| Bids  Personalized, Online Assessment and Instruction for K-12 ELA & Math<\/a><\/li><li><a class=\"readmore\" href=\"https:\/\/www.leapacademycharter.org\/wp-content\/uploads\/2021\/02\/Legal-Notice-fy21-3.pdf\">(English) LEGAL NOTICE-2021.2.23| RFP Bids<\/a><\/li><li><a class=\"readmore\" href=\"\">(English) New Jersey Department of Education School Self-Assessment for Determining Grades under the Anti-Bullying Bill of Rights Act<\/a><\/li><li><a class=\"readmore\" href=\"https:\/\/www.leapacademycharter.org\/wp-content\/uploads\/2021\/01\/LEAP-Academy-University-Charter-School-District-Sustainability-Policy.pdf\">(English) LEAP Academy University Charter School District Sustainability Policy<\/a><\/li><li><a class=\"readmore\" href=\"https:\/\/www.leapacademycharter.org\/wp-content\/uploads\/2017\/05\/Board_Notice-.pdf\">(English) Board Notice<\/a><\/li><li><a class=\"readmore\" href=\"\">(English) School Uniform- information<\/a><\/li><li><a class=\"readmore\" href=\"https:\/\/www.leapacademycharter.org\/wp-content\/uploads\/2020\/05\/FY20-21-window-arch-RFP.pdf\">(English) Architectural and Engineering Services \u2013 School Windows Installation<\/a><\/li><li><a class=\"readmore\" href=\"https:\/\/www.leapacademycharter.org\/wp-content\/uploads\/2020\/03\/LEAP-Corona-Virus-Full-Plan.pdf\">(English) Pandemic Crisis Plan LEAP Academy University Charter School<\/a><\/li><li><a class=\"readmore\" href=\"\">(English) Pandemic Flu Fact SheetA Parents\u2019 Guide to Helping Families Cope with a Pandemic Flu<\/a><\/li><li><a class=\"readmore\" href=\"https:\/\/www.leapacademycharter.org\/wp-content\/uploads\/2019\/10\/Form-357-LEAP-Academy-Wellness-Policy-Assessment-Tool_10-15-193905.pdf\">(English) Form 357 LEAP Academy Wellness Policy Assessment Tool<\/a><\/li><li><a class=\"readmore\" href=\"https:\/\/www.leapacademycharter.org\/wp-content\/uploads\/2017\/05\/2019-20-LEAP-Assessment-Information-to-Parents-and-General-Public3809.pdf\">(English) 2019-20 LEAP Assessment Information to Parents and General Public<\/a><\/li><\/ul><\/p>\n","protected":false},"excerpt":{"rendered":"<p>LEAP Academy Public Information Notices and Advisories LEAP Academy is committed to sharing important information with our entire<\/p>\n","protected":false},"author":2,"featured_media":8019,"parent":39,"menu_order":0,"comment_status":"closed","ping_status":"closed","template":"","meta":{"_acf_changed":false,"give_campaign_id":0,"footnotes":""},"class_list":["post-102","page","type-page","status-publish","has-post-thumbnail","hentry"],"acf":[],"aioseo_notices":[],"campaignId":"","_links":{"self":[{"href":"https:\/\/www.leapacademycharter.org\/es\/wp-json\/wp\/v2\/pages\/102","targetHints":{"allow":["GET"]}}],"collection":[{"href":"https:\/\/www.leapacademycharter.org\/es\/wp-json\/wp\/v2\/pages"}],"about":[{"href":"https:\/\/www.leapacademycharter.org\/es\/wp-json\/wp\/v2\/types\/page"}],"author":[{"embeddable":true,"href":"https:\/\/www.leapacademycharter.org\/es\/wp-json\/wp\/v2\/users\/2"}],"replies":[{"embeddable":true,"href":"https:\/\/www.leapacademycharter.org\/es\/wp-json\/wp\/v2\/comments?post=102"}],"version-history":[{"count":107,"href":"https:\/\/www.leapacademycharter.org\/es\/wp-json\/wp\/v2\/pages\/102\/revisions"}],"predecessor-version":[{"id":9705,"href":"https:\/\/www.leapacademycharter.org\/es\/wp-json\/wp\/v2\/pages\/102\/revisions\/9705"}],"up":[{"embeddable":true,"href":"https:\/\/www.leapacademycharter.org\/es\/wp-json\/wp\/v2\/pages\/39"}],"wp:featuredmedia":[{"embeddable":true,"href":"https:\/\/www.leapacademycharter.org\/es\/wp-json\/wp\/v2\/media\/8019"}],"wp:attachment":[{"href":"https:\/\/www.leapacademycharter.org\/es\/wp-json\/wp\/v2\/media?parent=102"}],"curies":[{"name":"wp","href":"https:\/\/api.w.org\/{rel}","templated":true}]}}