{"id":114,"date":"2017-05-30T14:30:33","date_gmt":"2017-05-30T14:30:33","guid":{"rendered":"https:\/\/www.leapacademycharter.org\/?page_id=114"},"modified":"2025-10-08T10:55:28","modified_gmt":"2025-10-08T14:55:28","slug":"enrollment","status":"publish","type":"page","link":"https:\/\/www.leapacademycharter.org\/es\/inscripcion\/","title":{"rendered":"Inscripci\u00f3n"},"content":{"rendered":"<p><\/p>\n<h2>Inscr\u00edbete Hoy y Escoge a LEAP Academy Como tu Escuela<\/h2>\n<p>La Academia LEAP ofrece un proceso de inscripci\u00f3n abierto y transparente para asegurar que cada familia tenga una oportunidad justa y equitativa de solicitar e inscribirse.<\/p>\n<p><a href=\"https:\/\/leapacademycharter.schooladminonline.com\/users\/sign_in\">Inscr\u00edbete Ahora<\/a><\/p>\n<h3>La inscripci\u00f3n en LEAP se lleva a cabo en cuatro niveles:<\/h3>\n<ul>\n<li><strong>N<\/strong><strong>ivel<\/strong><strong> 1<\/strong><strong>: <\/strong>Los estudiantes que contin\u00faan son la primera prioridad. A los padres que desean que sus hijos contin\u00faen en LEAP, se les garantiza un asiento.<\/li>\n<li><strong>N<\/strong><strong>ivel<\/strong><strong> 2<\/strong><strong>: <\/strong>LEAP es la escuela familiar y por lo tanto proporciona una segunda prioridad a los hermanos de los estudiantes existentes. Como familia, trabajamos arduamente para asegurar que todos sus hijos puedan asistir a LEAP, para que puedan permanecer juntos en su viaje acad\u00e9mico.<\/li>\n<li><strong>N<\/strong><strong>ivel<\/strong><strong> 3<\/strong><strong>: <\/strong>LEAP se centra en las familias de Camden City y ofrece preferencia a las familias que residen en la ciudad de Camden.<\/li>\n<li><strong>N<\/strong><strong>ivel<\/strong><strong> 4<\/strong><strong>: <\/strong>Una vez que todos los asientos se proveen a las familias en el nivel 1-3, se le ofrece la oportunidad de inscripci\u00f3n a las familias que residen fuera de la ciudad.<\/li>\n<li><strong>La loter\u00eda p\u00fablica<\/strong><strong>: <\/strong>Cuando hay m\u00e1s solicitantes que asientos disponibles en cualquier grado dado, se lleva a cabo una loter\u00eda para seleccionar al azar a los estudiantes para los asientos vacantes. Las familias est\u00e1n clasificadas en el orden de selecci\u00f3n. La loter\u00eda se actualiza durante todo el a\u00f1o escolar. Cada a\u00f1o, la escuela establece una nueva loter\u00eda.<\/li>\n<\/ul>\n<h2>\u00bfPor Qu\u00e9 Escoger a la Academia LEAP?<\/h2>\n<p><img decoding=\"async\" class=\"aligncenter\" src=\"https:\/\/www.leapacademycharter.org\/wp-content\/uploads\/2017\/05\/enrollment-5x2.jpg\" alt=\"\" \/><\/p>\n<ul>\n<li>Enfoque integral: LEAP ofrece un canal acad\u00e9mico completo de K-12 para que sus hijos puedan entrar tan j\u00f3venes como de 5 a\u00f1os de edad y permanecer con la escuela hasta terminar la escuela secundaria.<\/li>\n<li>Programa pre-universitario: La Academia LEAP tiene como objetivo el preparar a cada ni\u00f1o para entrar y tener \u00e9xito en un colegio o Universidad una vez se grad\u00faa de la escuela secundaria. Lo hemos hecho desde nuestra primera clase graduada en 2005.<\/li>\n<li>Cr\u00e9ditos universitarios mientras est\u00e1n en la escuela secundaria: los estudiantes de LEAP pueden tomar cr\u00e9ditos universitarios al participar en programas de doble inscripci\u00f3n mientras cursan sus a\u00f1os de secundaria y Senior en la Academia. Todas los Seniors toman cursos universitarios a trav\u00e9s del programa de Universidad Temprana de LEAP. Las universidades participantes incluyen a Rutgers, Rowan y Camden County College.<\/li>\n<li>Apoyo de becas para la Universidad: los estudiantes Senior de la preparatoria de LEAP reciben apoyo proveniente de dos fondos de donaciones que ofrecen becas para ayudarlos una vez entran a la Universidad.<\/li>\n<li>Aprendizaje extendido: nuestro d\u00eda escolar y el a\u00f1o escolar extendidos proveen mayor acceso a programas extra-curriculares, atletismo, y apoyo acad\u00e9mico.<\/li>\n<li>Edificios escolares seguros y modernos: Contamos con instalaciones de vanguardia seguras y acogedoras, las mejores de la ciudad.<\/li>\n<li>Tecnolog\u00eda: cada ni\u00f1o tiene acceso a una tableta o Laptop comenzando en kindergarten. Los estudiantes de\u00a0secundaria tienen laptops para uso dom\u00e9stico para asegurar el acceso a la tecnolog\u00eda.<\/li>\n<\/ul>\n<p><a class=\"common-button blue\" href=\"https:\/\/leapacademycharter.schooladminonline.com\/users\/sign_in\">Enroll Now<\/a><\/p>\n<p><em>Si prefieres inscribirte en persona en la Academia LEAP, este formulario de solicitud tambi<\/em><em>\u00e9<\/em><em>n puede ser completado entre las 9:00AM-3:00PM en las siguientes escuelas de la Academia Leap: STEM Elemental (639 Cooper Street), STEM Intermedia (532 Cooper Street), y STEAM Secundaria (130 N. Broadway).<\/em><\/p>","protected":false},"excerpt":{"rendered":"<p>Inscr\u00edbete Hoy y Escoge a LEAP Academy Como tu Escuela La Academia LEAP ofrece un proceso de inscripci\u00f3n<\/p>\n","protected":false},"author":2,"featured_media":7967,"parent":0,"menu_order":0,"comment_status":"closed","ping_status":"closed","template":"","meta":{"_acf_changed":false,"give_campaign_id":0,"footnotes":""},"class_list":["post-114","page","type-page","status-publish","has-post-thumbnail","hentry"],"acf":[],"aioseo_notices":[],"campaignId":"","_links":{"self":[{"href":"https:\/\/www.leapacademycharter.org\/es\/wp-json\/wp\/v2\/pages\/114","targetHints":{"allow":["GET"]}}],"collection":[{"href":"https:\/\/www.leapacademycharter.org\/es\/wp-json\/wp\/v2\/pages"}],"about":[{"href":"https:\/\/www.leapacademycharter.org\/es\/wp-json\/wp\/v2\/types\/page"}],"author":[{"embeddable":true,"href":"https:\/\/www.leapacademycharter.org\/es\/wp-json\/wp\/v2\/users\/2"}],"replies":[{"embeddable":true,"href":"https:\/\/www.leapacademycharter.org\/es\/wp-json\/wp\/v2\/comments?post=114"}],"version-history":[{"count":78,"href":"https:\/\/www.leapacademycharter.org\/es\/wp-json\/wp\/v2\/pages\/114\/revisions"}],"predecessor-version":[{"id":9651,"href":"https:\/\/www.leapacademycharter.org\/es\/wp-json\/wp\/v2\/pages\/114\/revisions\/9651"}],"wp:featuredmedia":[{"embeddable":true,"href":"https:\/\/www.leapacademycharter.org\/es\/wp-json\/wp\/v2\/media\/7967"}],"wp:attachment":[{"href":"https:\/\/www.leapacademycharter.org\/es\/wp-json\/wp\/v2\/media?parent=114"}],"curies":[{"name":"wp","href":"https:\/\/api.w.org\/{rel}","templated":true}]}}