{"id":119,"date":"2017-05-30T16:08:23","date_gmt":"2017-05-30T16:08:23","guid":{"rendered":"https:\/\/www.leapacademycharter.org\/?page_id=119"},"modified":"2025-03-04T09:34:26","modified_gmt":"2025-03-04T14:34:26","slug":"nutrition","status":"publish","type":"page","link":"https:\/\/www.leapacademycharter.org\/es\/sobre\/nutricion\/","title":{"rendered":"Nutrici\u00f3n"},"content":{"rendered":"<p>Ver Menu<\/span><\/div><\/div><\/a><\/div><div class=\"menu equalheightrow\"><a href=\"https:\/\/www.leapacademycharter.org\/wp-content\/uploads\/2025\/03\/Menu-Mar_2025_Elementary.pdf\"><img decoding=\"async\" src=\"https:\/\/www.leapacademycharter.org\/wp-content\/uploads\/2017\/05\/High-Lunch-4x3-1.jpg\" alt=\"\"\/><div class=\"content\"><div class=\"text\"><h3>Men\u00fa de Almuerzo<\/h3><span class=\"readmore\">Ver Menu<\/span><\/div><\/div><\/a><\/div><div class=\"menu equalheightrow\"><a href=\"\"><img decoding=\"async\" src=\"\" alt=\"\"\/><div class=\"content\"><div class=\"text\"><h3><\/h3><span class=\"readmore\">Ver Menu<\/span><\/div><\/div><\/a><\/div><\/div>\n\n<\/div><h2 class=\"tabtitle\">Contact Information<\/h2>\n<div class=\"tabcontent\">\n\n<div class=\"staff-faculty cf\"><div class=\"staff-faculty-menu\"><h3>Personal<\/h3><ul><li class=\"active\" id =\"escuela-primaria-inferior\">Escuela Primaria Inferior<\/li><li id=\"cocina-de-la-escuela-primaria-superior\">Cocina de la Escuela Primaria Superior<\/li><li id=\"escuela-intermedia\">Escuela Intermedia<\/li><li id=\"escuela-superior\">Escuela Superior<\/li><\/ul><\/div><div class=\"staff-faculty-list\"><div class=\"staff-faculty-category escuela-primaria-inferior active\"><h2>Escuela Primaria Inferior<\/h2><div class=\"staff-faculty-member\"><h3>Cocina de la Escuela Primaria Inferior<\/h3><a href=\"tel:1-856-614-5600 x5625\" class=\"readmore\">856-614-5600 x5625<\/a><\/div><\/div><div class=\"staff-faculty-category cocina-de-la-escuela-primaria-superior\"><h2>Cocina de la Escuela Primaria Superior<\/h2><div class=\"staff-faculty-member\"><h3>Escuela Primaria Superior<\/h3><a href=\"tel:1-856-614-5600 x7122\" class=\"readmore\">856-614-5600 x7122<\/a><\/div><\/div><div class=\"staff-faculty-category escuela-intermedia\"><h2>Escuela Intermedia<\/h2><div class=\"staff-faculty-member\"><h3>Cocina de la Escuela Intermedia<\/h3><a href=\"tel:1-856-614-5600 x7123\" class=\"readmore\">856-614-5600 x7123<\/a><\/div><\/div><div class=\"staff-faculty-category escuela-superior\"><h2>Escuela Superior<\/h2><div class=\"staff-faculty-member\"><h3>Cocina de la Escuela Superior<\/h3><a href=\"tel:1-856-614-5600 x5051\" class=\"readmore\">856-614-5600 x5051<\/a><\/div><\/div><\/div><\/div>\n<p><\/div><\/div><div class=\"responsive-tabs\">\n<h2 class=\"tabtitle\">Sobre Nosotros<\/h2>\n<div class=\"tabcontent\">\n<\/p>\n<h2>Promoviendo la salud y el bienestar para los estudiantes, facultad y personal de LEAP<\/h2>\n<p>La Academia LEAP est\u00e1 comprometida con brindar a sus estudiantes una dieta saludable y balanceada. El desayuno, el almuerzo y las meriendas se sirven diariamente en sus cinco cafeter\u00edas. Dirigida por el Chef Ejecutivo Michele Pastorello y la compa\u00f1\u00eda Metz Culinary Management, la operaci\u00f3n de los servicios alimenticios est\u00e1 integrada en la estrategia de salud y bienestar de la escuela. Adem\u00e1s de preparar deliciosas comidas, el equipo de servicios alimenticios trabaja para introducir, desarrollar y promover h\u00e1bitos alimenticios saludables entre los estudiantes y los padres. Se ofrecen numerosas demostraciones de cocina saludable y seminarios de nutrici\u00f3n durante todo el a\u00f1o a los padres despu\u00e9s de la escuela, as\u00ed como a los estudiantes.<\/p>\n<h2>Meriendas saludables para ni\u00f1os sanos<\/h2>\n<p>La importancia de tomar buenas decisiones alimentarias es esencial para mejorar la salud, especialmente para los ni\u00f1os a medida que crecen. La Academia LEAP apoya este esfuerzo en sus selecciones diarias de comidas y su participaci\u00f3n en el Programa de Frutas y Hortalizas Frescas del Departamento de Agricultura. Cada estudiante de la Escuela Primaria (K-6) recibe una fruta o verdura fresca los lunes y mi\u00e9rcoles como merienda. Victoria Engelstad coordina el Programa en LEAP y su equipo de nutrici\u00f3n estudiantil, compuesto por estudiantes de grado 12, ayuda a distribuir los alimentos.<\/p>\n<p>El Chef Ejecutivo Michele Pastorello comparte sus conocimientos sobre frutas y hortalizas con los estudiantes. Presenta demostraciones de alimentos frescos durante todo el a\u00f1o en donde explica c\u00f3mo crecen las frutas y hortalizas, qu\u00e9 aspecto tienen en su estado natural, las diferentes maneras en que pueden prepararse y c\u00f3mo ayudan a mantener a las personas saludables.<\/p>\n<div style=\"text-align: center;\"><iframe loading=\"lazy\" src=\"https:\/\/www.youtube.com\/embed\/EsLaeOkt9rs\" width=\"1120\" height=\"630\" frameborder=\"0\" allowfullscreen=\"allowfullscreen\"><\/iframe><\/div>\n\n<\/div><h2 class=\"tabtitle\">Men\u00fas<\/h2>\n<div class=\"tabcontent\">\n\n<div class=\"menu-list cf\"><div class=\"menu equalheightrow\"><a href=\"https:\/\/www.leapacademycharter.org\/wp-content\/uploads\/2025\/03\/Menu-Mar_2025_Secondary.pdf\"><img decoding=\"async\" src=\"https:\/\/www.leapacademycharter.org\/wp-content\/uploads\/2017\/05\/High-Breakfast-1.jpg\" alt=\"\"\/><div class=\"content\"><div class=\"text\"><h3>Men\u00fa de Desayuno<\/h3><span class=\"readmore\">Ver Menu<\/span><\/div><\/div><\/a><\/div><div class=\"menu equalheightrow\"><a href=\"https:\/\/www.leapacademycharter.org\/wp-content\/uploads\/2025\/03\/Menu-Mar_2025_Elementary.pdf\"><img decoding=\"async\" src=\"https:\/\/www.leapacademycharter.org\/wp-content\/uploads\/2017\/05\/High-Lunch-4x3-1.jpg\" alt=\"\"\/><div class=\"content\"><div class=\"text\"><h3>Men\u00fa de Almuerzo<\/h3><span class=\"readmore\">Ver Menu<\/span><\/div><\/div><\/a><\/div><div class=\"menu equalheightrow\"><a href=\"\"><img decoding=\"async\" src=\"\" alt=\"\"\/><div class=\"content\"><div class=\"text\"><h3><\/h3><span class=\"readmore\">Ver Menu<\/span><\/div><\/div><\/a><\/div><\/div>\n\n<\/div><h2 class=\"tabtitle\">Informaci\u00f3n del contacto<\/h2>\n<div class=\"tabcontent\">\n\n<div class=\"staff-faculty cf\"><div class=\"staff-faculty-menu\"><h3>Personal<\/h3><ul><li class=\"active\" id =\"escuela-primaria-inferior\">Escuela Primaria Inferior<\/li><li id=\"cocina-de-la-escuela-primaria-superior\">Cocina de la Escuela Primaria Superior<\/li><li id=\"escuela-intermedia\">Escuela Intermedia<\/li><li id=\"escuela-superior\">Escuela Superior<\/li><\/ul><\/div><div class=\"staff-faculty-list\"><div class=\"staff-faculty-category escuela-primaria-inferior active\"><h2>Escuela Primaria Inferior<\/h2><div class=\"staff-faculty-member\"><h3>Cocina de la Escuela Primaria Inferior<\/h3><a href=\"tel:1-856-614-5600 x5625\" class=\"readmore\">856-614-5600 x5625<\/a><\/div><\/div><div class=\"staff-faculty-category cocina-de-la-escuela-primaria-superior\"><h2>Cocina de la Escuela Primaria Superior<\/h2><div class=\"staff-faculty-member\"><h3>Escuela Primaria Superior<\/h3><a href=\"tel:1-856-614-5600 x7122\" class=\"readmore\">856-614-5600 x7122<\/a><\/div><\/div><div class=\"staff-faculty-category escuela-intermedia\"><h2>Escuela Intermedia<\/h2><div class=\"staff-faculty-member\"><h3>Cocina de la Escuela Intermedia<\/h3><a href=\"tel:1-856-614-5600 x7123\" class=\"readmore\">856-614-5600 x7123<\/a><\/div><\/div><div class=\"staff-faculty-category escuela-superior\"><h2>Escuela Superior<\/h2><div class=\"staff-faculty-member\"><h3>Cocina de la Escuela Superior<\/h3><a href=\"tel:1-856-614-5600 x5051\" class=\"readmore\">856-614-5600 x5051<\/a><\/div><\/div><\/div><\/div>\n<p><\/div><\/div><\/p>","protected":false},"excerpt":{"rendered":"<p>Promoviendo la salud y el bienestar para los estudiantes, facultad y personal de LEAP La Academia LEAP est\u00e1<\/p>\n","protected":false},"author":2,"featured_media":4295,"parent":57,"menu_order":0,"comment_status":"closed","ping_status":"closed","template":"","meta":{"_acf_changed":false,"give_campaign_id":0,"footnotes":""},"class_list":["post-119","page","type-page","status-publish","has-post-thumbnail","hentry"],"acf":[],"aioseo_notices":[],"campaignId":"","_links":{"self":[{"href":"https:\/\/www.leapacademycharter.org\/es\/wp-json\/wp\/v2\/pages\/119","targetHints":{"allow":["GET"]}}],"collection":[{"href":"https:\/\/www.leapacademycharter.org\/es\/wp-json\/wp\/v2\/pages"}],"about":[{"href":"https:\/\/www.leapacademycharter.org\/es\/wp-json\/wp\/v2\/types\/page"}],"author":[{"embeddable":true,"href":"https:\/\/www.leapacademycharter.org\/es\/wp-json\/wp\/v2\/users\/2"}],"replies":[{"embeddable":true,"href":"https:\/\/www.leapacademycharter.org\/es\/wp-json\/wp\/v2\/comments?post=119"}],"version-history":[{"count":47,"href":"https:\/\/www.leapacademycharter.org\/es\/wp-json\/wp\/v2\/pages\/119\/revisions"}],"predecessor-version":[{"id":9470,"href":"https:\/\/www.leapacademycharter.org\/es\/wp-json\/wp\/v2\/pages\/119\/revisions\/9470"}],"up":[{"embeddable":true,"href":"https:\/\/www.leapacademycharter.org\/es\/wp-json\/wp\/v2\/pages\/57"}],"wp:featuredmedia":[{"embeddable":true,"href":"https:\/\/www.leapacademycharter.org\/es\/wp-json\/wp\/v2\/media\/4295"}],"wp:attachment":[{"href":"https:\/\/www.leapacademycharter.org\/es\/wp-json\/wp\/v2\/media?parent=119"}],"curies":[{"name":"wp","href":"https:\/\/api.w.org\/{rel}","templated":true}]}}