{"id":121,"date":"2017-05-30T16:08:39","date_gmt":"2017-05-30T16:08:39","guid":{"rendered":"https:\/\/www.leapacademycharter.org\/?page_id=121"},"modified":"2024-07-17T15:59:29","modified_gmt":"2024-07-17T19:59:29","slug":"our-team","status":"publish","type":"page","link":"https:\/\/www.leapacademycharter.org\/es\/sobre\/nuestro-equipo\/","title":{"rendered":"Nuestro Equipo"},"content":{"rendered":"<p><div class=\"responsive-tabs\">\n<h2 class=\"tabtitle\">Liderazgo<\/h2>\n<div class=\"tabcontent\">\n<\/p>\n<h2>Conozca a Nuestro Equipo de Liderazgo<\/h2>\n<p>La Academia Universitaria LEAP es administrada por un equipo directivo liderado por nuestros principales oficiales, cada uno supervisando componentes estrat\u00e9gicos espec\u00edficos de desempe\u00f1o. Juntos, trabajan para liderar la ejecuci\u00f3n de los mandatos de la Junta, las prioridades estrat\u00e9gicas y la implementaci\u00f3n de la carta constitutiva de LEAP.<\/p>\n<p>&nbsp;<\/p>\n<div class=\"members-list cf\"><div class=\"member team blk25%-lg blk25%-md blk1\/3-sm blk50%-xs equalheightrow\"><img decoding=\"async\" src=\"https:\/\/www.leapacademycharter.org\/wp-content\/uploads\/2025\/08\/StephanieRodger.jpg\" alt=\"\"\/><h3>Stephanie Weaver-Rogers<\/h3><p>Directora de Operaciones\/ Persona Principal<\/p><\/div><div class=\"member team blk25%-lg blk25%-md blk1\/3-sm blk50%-xs equalheightrow\"><img decoding=\"async\" src=\"https:\/\/www.leapacademycharter.org\/wp-content\/uploads\/2025\/02\/JozianMolina-1.png\" alt=\"\"\/><h3>Jozian Molina<\/h3><p>Chief Academic Officer<\/p><\/div><div class=\"member team blk25%-lg blk25%-md blk1\/3-sm blk50%-xs equalheightrow\"><img decoding=\"async\" src=\"https:\/\/www.leapacademycharter.org\/wp-content\/uploads\/2025\/03\/NicoleKessler.jpg\" alt=\"\"\/><h3>(English) Nicole Kessler<\/h3><p>(English) Chief of Teaching & Learning<\/p><\/div><div class=\"member team blk25%-lg blk25%-md blk1\/3-sm blk50%-xs equalheightrow\"><img decoding=\"async\" src=\"https:\/\/www.leapacademycharter.org\/wp-content\/uploads\/2018\/11\/VelminaRivera.jpg\" alt=\"\"\/><h3>Dr. Velmina Rivera, MD, FAAP<\/h3><p>Pediatra\/Principal Oficial M\u00e9dico\/Director M\u00e9dico de la Escuela<\/p><\/div><div class=\"member team blk25%-lg blk25%-md blk1\/3-sm blk50%-xs equalheightrow\"><img decoding=\"async\" src=\"https:\/\/www.leapacademycharter.org\/wp-content\/uploads\/2020\/06\/YuseinDurakov.jpg\" alt=\"\"\/><h3>(English) Yusein Durakov<\/h3><p>Administrado de Cuentas<\/p><\/div><div class=\"member team blk25%-lg blk25%-md blk1\/3-sm blk50%-xs equalheightrow\"><img decoding=\"async\" src=\"https:\/\/www.leapacademycharter.org\/wp-content\/uploads\/2024\/12\/JameelahSurgeon.jpg\" alt=\"\"\/><h3>(English) Jameelah Surgeon<\/h3><p>(English) Director of HR and Talent Acquisition<\/p><\/div><div class=\"member team blk25%-lg blk25%-md blk1\/3-sm blk50%-xs equalheightrow\"><img decoding=\"async\" src=\"https:\/\/www.leapacademycharter.org\/wp-content\/uploads\/2022\/07\/Charles_Benito.jpg\" alt=\"\"\/><h3>(English) Charles Benito<\/h3><p>(English) District Assessment Coordinator<\/p><\/div><div class=\"member team blk25%-lg blk25%-md blk1\/3-sm blk50%-xs equalheightrow\"><img decoding=\"async\" src=\"https:\/\/www.leapacademycharter.org\/wp-content\/uploads\/2025\/08\/Dianna_Crespo.jpg\" alt=\"\"\/><h3>Diana Crespo<\/h3><p>Assistant Director to Enrollment & Transportation<\/p><\/div><div class=\"member team blk25%-lg blk25%-md blk1\/3-sm blk50%-xs equalheightrow\"><img decoding=\"async\" src=\"https:\/\/www.leapacademycharter.org\/wp-content\/uploads\/2025\/08\/NaasYancey.jpg\" alt=\"\"\/><h3>(English) Naas Yancey<\/h3><p>(English) Director 21st Century Leaning Center<\/p><\/div><div class=\"member team blk25%-lg blk25%-md blk1\/3-sm blk50%-xs equalheightrow\"><img decoding=\"async\" src=\"https:\/\/www.leapacademycharter.org\/wp-content\/uploads\/2025\/08\/KiaGore.jpg\" alt=\"\"\/><h3>(English) Kia Gore<\/h3><p>(English) ELA Supervisor K-8<\/p><\/div><div class=\"member team blk25%-lg blk25%-md blk1\/3-sm blk50%-xs equalheightrow\"><img decoding=\"async\" src=\"https:\/\/www.leapacademycharter.org\/wp-content\/uploads\/2025\/08\/SamanthaRodriguez.jpg\" alt=\"\"\/><h3>(English) Samantha Rodriguez<\/h3><p>(English) Principal K-5<\/p><\/div><div class=\"member team blk25%-lg blk25%-md blk1\/3-sm blk50%-xs equalheightrow\"><img decoding=\"async\" src=\"https:\/\/www.leapacademycharter.org\/wp-content\/uploads\/2025\/08\/NancyTorres.jpg\" alt=\"\"\/><h3>(English) Nancy Torres<\/h3><p>(English) Vice Principal K-5<\/p><\/div><div class=\"member team blk25%-lg blk25%-md blk1\/3-sm blk50%-xs equalheightrow\"><img decoding=\"async\" src=\"https:\/\/www.leapacademycharter.org\/wp-content\/uploads\/2025\/08\/Dr.DamisoJosey.jpg\" alt=\"\"\/><h3>(English) Dr. Damiso Josey<\/h3><p>(English) Instructional Principal 6-8<\/p><\/div><div class=\"member team blk25%-lg blk25%-md blk1\/3-sm blk50%-xs equalheightrow\"><img decoding=\"async\" src=\"https:\/\/www.leapacademycharter.org\/wp-content\/uploads\/2025\/08\/Dr.KamikaDixon.jpg\" alt=\"\"\/><h3>(English) Dr. Kamika Dixon<\/h3><p>(English) Vice Principal 6-8<\/p><\/div><div class=\"member team blk25%-lg blk25%-md blk1\/3-sm blk50%-xs equalheightrow\"><img decoding=\"async\" src=\"https:\/\/www.leapacademycharter.org\/wp-content\/uploads\/2025\/08\/Dr.-KwanzaCogdell.jpg\" alt=\"\"\/><h3>(English) Dr. Kwanza Cogdell<\/h3><p>(English) Principal 9-12<\/p><\/div><div class=\"member team blk25%-lg blk25%-md blk1\/3-sm blk50%-xs equalheightrow\"><img decoding=\"async\" src=\"https:\/\/www.leapacademycharter.org\/wp-content\/uploads\/2025\/08\/AngianaThompson.jpg\" alt=\"\"\/><h3>(English) Angiana Thompson<\/h3><p>(English) Vice Principal 9-12<\/p><\/div><div class=\"member team blk25%-lg blk25%-md blk1\/3-sm blk50%-xs equalheightrow\"><img decoding=\"async\" src=\"https:\/\/www.leapacademycharter.org\/wp-content\/uploads\/2025\/08\/Dr.-DawnFichera.jpg\" alt=\"\"\/><h3>(English) Dr. Dawn Fichera<\/h3><p>(English) Director of Curriculum and Instruction<\/p><\/div><div class=\"member team blk25%-lg blk25%-md blk1\/3-sm blk50%-xs equalheightrow\"><img decoding=\"async\" src=\"https:\/\/www.leapacademycharter.org\/wp-content\/uploads\/2022\/08\/Matthew_Steen.jpg\" alt=\"\"\/><h3>Matthew Steen<\/h3><p>(English) Math Supervisor K-12<\/p><\/div><div class=\"member team blk25%-lg blk25%-md blk1\/3-sm blk50%-xs equalheightrow\"><img decoding=\"async\" src=\"https:\/\/www.leapacademycharter.org\/wp-content\/uploads\/2022\/08\/Amir_Ayres.jpg\" alt=\"\"\/><h3>Amir Ayres<\/h3><p>(English) ELA Supervisor 9-12<\/p><\/div><div class=\"member team blk25%-lg blk25%-md blk1\/3-sm blk50%-xs equalheightrow\"><img decoding=\"async\" src=\"https:\/\/www.leapacademycharter.org\/wp-content\/uploads\/2024\/12\/TamikaRice.jpg\" alt=\"\"\/><h3>(English) Tamika Rice<\/h3><p>(English) Director of College Access<\/p><\/div><div class=\"member team blk25%-lg blk25%-md blk1\/3-sm blk50%-xs equalheightrow\"><img decoding=\"async\" src=\"https:\/\/www.leapacademycharter.org\/wp-content\/uploads\/2025\/08\/TheodoreW.Johnson-Jr.jpg\" alt=\"\"\/><h3>Theodore W. Johnson Jr.<\/h3><p>Director de acceso a la universidad:]<\/p><\/div><div class=\"member team blk25%-lg blk25%-md blk1\/3-sm blk50%-xs equalheightrow\"><img decoding=\"async\" src=\"https:\/\/www.leapacademycharter.org\/wp-content\/uploads\/2025\/08\/Amanda_Mercado.jpg\" alt=\"\"\/><h3>(English) Amanda Mercado<\/h3><p>(English) College Access Associate K-5<\/p><\/div><div class=\"member team blk25%-lg blk25%-md blk1\/3-sm blk50%-xs equalheightrow\"><img decoding=\"async\" src=\"https:\/\/www.leapacademycharter.org\/wp-content\/uploads\/2019\/02\/MariaRivera.jpg\" alt=\"\"\/><h3>(English) Maria Cruz<\/h3><p>(English) Director of Parent Engagement Center<\/p><\/div><div class=\"member team blk25%-lg blk25%-md blk1\/3-sm blk50%-xs equalheightrow\"><img decoding=\"async\" src=\"https:\/\/www.leapacademycharter.org\/wp-content\/uploads\/2025\/03\/3.jpg\" alt=\"\"\/><h3>(English) Lorna Quintana<\/h3><p>(English) Coordinator of Parental Engagement, Recruitment and Retention<\/p><\/div><div class=\"member team blk25%-lg blk25%-md blk1\/3-sm blk50%-xs equalheightrow\"><img decoding=\"async\" src=\"https:\/\/www.leapacademycharter.org\/wp-content\/uploads\/2025\/08\/ChristineSkalka.jpg\" alt=\"\"\/><h3>(English) Christine Skalka<\/h3><p>(English) Assistant Director of Early College<\/p><\/div><div class=\"member team blk25%-lg blk25%-md blk1\/3-sm blk50%-xs equalheightrow\"><img decoding=\"async\" src=\"https:\/\/www.leapacademycharter.org\/wp-content\/uploads\/2025\/08\/RosaOvalles-Vargas.jpg\" alt=\"\"\/><h3>(English) Rosa Ovalles-Vargas<\/h3><p>(English) Director of Transportation<\/p><\/div><div class=\"member team blk25%-lg blk25%-md blk1\/3-sm blk50%-xs equalheightrow\"><img decoding=\"async\" src=\"https:\/\/www.leapacademycharter.org\/wp-content\/uploads\/2017\/09\/TugbaHoguet.jpg\" alt=\"\"\/><h3>Tugba Hoguet<\/h3><p>Director of ESL\/Servicios Especiales<\/p><\/div><div class=\"member team blk25%-lg blk25%-md blk1\/3-sm blk50%-xs equalheightrow\"><img decoding=\"async\" src=\"https:\/\/www.leapacademycharter.org\/wp-content\/uploads\/2020\/06\/ChefMP.jpg\" alt=\"\"\/><h3>(English) Michele Pastorello<\/h3><p>(English) Executive Chef Metz<\/p><\/div><div class=\"member team blk25%-lg blk25%-md blk1\/3-sm blk50%-xs equalheightrow\"><img decoding=\"async\" src=\"https:\/\/www.leapacademycharter.org\/wp-content\/uploads\/2020\/07\/Jessica-Rojas.jpg\" alt=\"\"\/><h3>(English) Jessica Rojas<\/h3><p>(English) Food Manager Metz<\/p><\/div><div class=\"member team blk25%-lg blk25%-md blk1\/3-sm blk50%-xs equalheightrow\"><img decoding=\"async\" src=\"https:\/\/www.leapacademycharter.org\/wp-content\/uploads\/2025\/08\/Steve.jpg\" alt=\"\"\/><h3>Steve Pierre-Jacques<\/h3><p>Director de Technologia<\/p><\/div><div class=\"member team blk25%-lg blk25%-md blk1\/3-sm blk50%-xs equalheightrow\"><img decoding=\"async\" src=\"https:\/\/www.leapacademycharter.org\/wp-content\/uploads\/2019\/02\/Rafael_Miranda.jpg\" alt=\"\"\/><h3>Rafael Miranda<\/h3><p>Cordinador de PRAC\/VAPA<\/p><\/div><\/div>\n\n<\/div><h2 class=\"tabtitle\">Equipo de Trabajo<\/h2>\n<div class=\"tabcontent\">\n\n<h2><strong>Conozca&nbsp; Nuestro Equipo de Servicios Centrales<\/strong><\/h2>\n<p>LEAP Academy cuenta con el respaldo de una estructura de administraci\u00f3n y servicio que permite servicios eficientes y de calidad. Conoce a nuestro personal clave.<\/p>\n<div class=\"staff-previews cf\">\n<div class=\"preview\">\n<p><img decoding=\"async\" src=\"https:\/\/www.leapacademycharter.org\/wp-content\/uploads\/2017\/05\/DSC_7042.jpg\" alt=\"\"><\/p>\n<div class=\"text gradient green\">\n<h3 class=\"staff-accordion-link\" style=\"text-align: left;\">Operaciones<\/h3>\n<\/div>\n<div class=\"staff-accordion operations\"><div class=\"staff-member\"><h4>Stephanie Weaver-Rogers<\/h4><span class=\"staff-title\">Directora de Operaciones\/ Persona Principal<\/span><div class=\"contact-us\"><a class=\"readmore phone\" href=\"tel:1-english-856-614-5768\">(English) 856-614-5768<\/a><a class=\"readmore email\" href=\"mailto:swr@leap.rutgers.edu\">swr@leap.rutgers.edu<\/a><\/div><\/div><div class=\"staff-member\"><h4>Yesenia Ortiz<\/h4><span class=\"staff-title\">District Office Manager<\/span><div class=\"contact-us\"><a class=\"readmore phone\" href=\"tel:1-856-614-5085\">856-614-5085<\/a><a class=\"readmore email\" href=\"mailto:eserje@leap.rutgers.edu\">eserje@leap.rutgers.edu<\/a><\/div><\/div><div class=\"staff-member\"><h4>(English) Maria Cruz<\/h4><span class=\"staff-title\">(English) Director of Parent Engagement Center<\/span><div class=\"contact-us\"><a class=\"readmore phone\" href=\"tel:1-english-856-614-5084\">(English) 856-614-5084<\/a><a class=\"readmore email\" href=\"mailto:mcruz@leap.rutgers.edu\">mcruz@leap.rutgers.edu<\/a><\/div><\/div><div class=\"staff-member\"><h4>Steve Pierre-Jacques<\/h4><span class=\"staff-title\">Director de Technologia<\/span><div class=\"contact-us\"><a class=\"readmore phone\" href=\"tel:1-856-614-3233\">(856) 614-3233<\/a><a class=\"readmore email\" href=\"mailto:pjsteve@leap.rutgers.edu\">pjsteve@leap.rutgers.edu<\/a><\/div><\/div><\/div>\n<\/div>\n<div class=\"preview\">\n<p><img decoding=\"async\" src=\"https:\/\/www.leapacademycharter.org\/wp-content\/uploads\/2019\/01\/Finance-2.jpg\" alt=\"\"><\/p>\n<div class=\"text gradient red\">\n<h3 class=\"staff-accordion-link\" style=\"text-align: left;\">Finanzas<\/h3>\n<\/div>\n<div class=\"staff-accordion finance\"><div class=\"staff-member\"><h4>(English) Yusein Durakov<\/h4><span class=\"staff-title\">Administrado de Cuentas<\/span><div class=\"contact-us\"><a class=\"readmore phone\" href=\"tel:1-english-856-614-3244\">(English) 856-614-3244<\/a><a class=\"readmore email\" href=\"mailto:YDurakov@leap.rutgers.edu\">YDurakov@leap.rutgers.edu<\/a><\/div><\/div><div class=\"staff-member\"><h4>Beverly Johnson<\/h4><span class=\"staff-title\">Assistant to the SBA-Payroll Manager<\/span><div class=\"contact-us\"><a class=\"readmore phone\" href=\"tel:1-856-614-5090\">856-614-5090<\/a><a class=\"readmore email\" href=\"mailto:bjohnson@leap.rutgers.edu\">bjohnson@leap.rutgers.edu<\/a><\/div><\/div><div class=\"staff-member\"><h4>Sylvia Hunt<\/h4><span class=\"staff-title\">School Bus Driver\/Accounts Payable Clerk<\/span><div class=\"contact-us\"><a class=\"readmore phone\" href=\"tel:1-856-614-5095\">856-614-5095<\/a><a class=\"readmore email\" href=\"mailto:HUNT@LEAP.RUTGERS.EDU\">HUNT@LEAP.RUTGERS.EDU<\/a><\/div><\/div><\/div>\n<\/div>\n<div class=\"preview\">\n<p><img decoding=\"async\" src=\"https:\/\/www.leapacademycharter.org\/wp-content\/uploads\/2017\/05\/Staff-Enrollment.jpg\" alt=\"\"><\/p>\n<div class=\"text gradient blue\">\n<h3 class=\"staff-accordion-link\" style=\"text-align: left;\">Matr\u00edcula<\/h3>\n<\/div>\n<div class=\"staff-accordion enrollment\"><div class=\"staff-member\"><h4>Grace Begley<\/h4><span class=\"staff-title\">Especialista en Inscripci\u00f3n<\/span><div class=\"contact-us\"><a class=\"readmore phone\" href=\"tel:1-856-614-2092\">856-614-2092<\/a><a class=\"readmore email\" href=\"mailto:gbegley@leap.rutgers.edu\">gbegley@leap.rutgers.edu<\/a><\/div><\/div><div class=\"staff-member\"><h4>Diana Crespo<\/h4><span class=\"staff-title\">Assistant Director to Enrollment & Transportation<\/span><div class=\"contact-us\"><a class=\"readmore phone\" href=\"tel:1-856-614-3242\">856-614-3242<\/a><a class=\"readmore email\" href=\"mailto:dcabassa@leap.rutgers.edu\">dcabassa@leap.rutgers.edu<\/a><\/div><\/div><div class=\"staff-member\"><h4>(English) Maria Cruz<\/h4><span class=\"staff-title\">(English) Director of Parent Engagement Center<\/span><div class=\"contact-us\"><a class=\"readmore phone\" href=\"tel:1-english-856-614-5084\">(English) 856-614-5084<\/a><a class=\"readmore email\" href=\"mailto:mcruz@leap.rutgers.edu\">mcruz@leap.rutgers.edu<\/a><\/div><\/div><\/div>\n<\/div>\n<div class=\"preview\">\n<p><img decoding=\"async\" src=\"https:\/\/www.leapacademycharter.org\/wp-content\/uploads\/2017\/05\/Staff-CurriculumInstruction.jpg\" alt=\"\"><\/p>\n<div class=\"text gradient red\">\n<h3 class=\"staff-accordion-link\" style=\"text-align: left;\">Curr\u00edculo e Instrucci\u00f3n<\/h3>\n<\/div>\n<div class=\"staff-accordion curriculum-instruction\"><div class=\"staff-member\"><h4>Jozian Molina<\/h4><span class=\"staff-title\">Chief Academic Officer<\/span><div class=\"contact-us\"><a class=\"readmore email\" href=\"mailto:jmolina@leap.rutgers.edu\">jmolina@leap.rutgers.edu<\/a><\/div><\/div><div class=\"staff-member\"><h4>(English) Nicole Kessler<\/h4><span class=\"staff-title\">(English) Chief of Teaching & Learning<\/span><div class=\"contact-us\"><\/div><\/div><div class=\"staff-member\"><h4>(English) Charles Benito<\/h4><span class=\"staff-title\">(English) District Assessment Coordinator<\/span><div class=\"contact-us\"><a class=\"readmore email\" href=\"mailto:cbenito@leap.rutgers.edu\">cbenito@leap.rutgers.edu<\/a><\/div><\/div><div class=\"staff-member\"><h4>(English) Naas Yancey<\/h4><span class=\"staff-title\">(English) Director 21st Century Leaning Center<\/span><div class=\"contact-us\"><\/div><\/div><div class=\"staff-member\"><h4>(English) Kia Gore<\/h4><span class=\"staff-title\">(English) ELA Supervisor K-8<\/span><div class=\"contact-us\"><\/div><\/div><div class=\"staff-member\"><h4>(English) Samantha Rodriguez<\/h4><span class=\"staff-title\">(English) Principal K-5<\/span><div class=\"contact-us\"><a class=\"readmore email\" href=\"mailto:Srodriguez@leap.rutgers.edu\">Srodriguez@leap.rutgers.edu<\/a><\/div><\/div><div class=\"staff-member\"><h4>(English) Nancy Torres<\/h4><span class=\"staff-title\">(English) Vice Principal K-5<\/span><div class=\"contact-us\"><\/div><\/div><div class=\"staff-member\"><h4>(English) Dr. Damiso Josey<\/h4><span class=\"staff-title\">(English) Instructional Principal 6-8<\/span><div class=\"contact-us\"><\/div><\/div><div class=\"staff-member\"><h4>(English) Dr. Kamika Dixon<\/h4><span class=\"staff-title\">(English) Vice Principal 6-8<\/span><div class=\"contact-us\"><a class=\"readmore phone\" href=\"tel:1-english-856-614-5094\">(English) 856-614-5094<\/a><a class=\"readmore email\" href=\"mailto:KDixon@leap.rutgers.edu\">KDixon@leap.rutgers.edu<\/a><\/div><\/div><div class=\"staff-member\"><h4>(English) Dr. Kwanza Cogdell<\/h4><span class=\"staff-title\">(English) Principal 9-12<\/span><div class=\"contact-us\"><a class=\"readmore email\" href=\"mailto:Kcogdell@leap.rutgers.edu\">Kcogdell@leap.rutgers.edu<\/a><\/div><\/div><div class=\"staff-member\"><h4>(English) Angiana Thompson<\/h4><span class=\"staff-title\">(English) Vice Principal 9-12<\/span><div class=\"contact-us\"><a class=\"readmore phone\" href=\"tel:1-english-856-614-5640\">(English) 856-614-5640<\/a><a class=\"readmore email\" href=\"mailto:Athompson@leap.rutgers.edu\">Athompson@leap.rutgers.edu<\/a><\/div><\/div><div class=\"staff-member\"><h4>(English) Dr. Dawn Fichera<\/h4><span class=\"staff-title\">(English) Director of Curriculum and Instruction<\/span><div class=\"contact-us\"><\/div><\/div><div class=\"staff-member\"><h4>Matthew Steen<\/h4><span class=\"staff-title\">(English) Math Supervisor K-12<\/span><div class=\"contact-us\"><a class=\"readmore email\" href=\"mailto:msteen@leap.rutgers.edu\">msteen@leap.rutgers.edu<\/a><\/div><\/div><div class=\"staff-member\"><h4>Amir Ayres<\/h4><span class=\"staff-title\">(English) ELA Supervisor 9-12<\/span><div class=\"contact-us\"><a class=\"readmore email\" href=\"mailto:aayres@leap.rutgers.edu\">aayres@leap.rutgers.edu<\/a><\/div><\/div><div class=\"staff-member\"><h4>(English) Tamika Rice<\/h4><span class=\"staff-title\">(English) Director of College Access<\/span><div class=\"contact-us\"><\/div><\/div><div class=\"staff-member\"><h4>Theodore W. Johnson Jr.<\/h4><span class=\"staff-title\">Director de acceso a la universidad:]<\/span><div class=\"contact-us\"><a class=\"readmore phone\" href=\"tel:1-english-856-614-5799\">(English) 856-614-5799<\/a><a class=\"readmore email\" href=\"mailto:ttheodorejohnson@leap.rutgers.edu\">ttheodorejohnson@leap.rutgers.edu<\/a><\/div><\/div><div class=\"staff-member\"><h4>(English) Amanda Mercado<\/h4><span class=\"staff-title\">(English) College Access Associate K-5<\/span><div class=\"contact-us\"><a class=\"readmore phone\" href=\"tel:1-english-856-614-5617\">(English) 856-614-5617<\/a><a class=\"readmore email\" href=\"mailto:AMERCADO@LEAP.RUTGERS.EDU\">AMERCADO@LEAP.RUTGERS.EDU<\/a><\/div><\/div><div class=\"staff-member\"><h4>(English) Christine Skalka<\/h4><span class=\"staff-title\">(English) Assistant Director of Early College<\/span><div class=\"contact-us\"><a class=\"readmore email\" href=\"mailto:CSkalka@leap.rutgers.edu\">CSkalka@leap.rutgers.edu<\/a><\/div><\/div><div class=\"staff-member\"><h4>Tugba Hoguet<\/h4><span class=\"staff-title\">Director of ESL\/Servicios Especiales<\/span><div class=\"contact-us\"><a class=\"readmore phone\" href=\"tel:1-856-614--2088-x-9404\">856-614- 2088 x. 9404<\/a><a class=\"readmore email\" href=\"mailto:thoguet@leap.rutgers.edu\">thoguet@leap.rutgers.edu<\/a><\/div><\/div><div class=\"staff-member\"><h4>Rafael Miranda<\/h4><span class=\"staff-title\">Cordinador de PRAC\/VAPA<\/span><div class=\"contact-us\"><a class=\"readmore phone\" href=\"tel:1-english-856-614-3992-ext-7124\">(English) 856-614-3992 Ext. 7124<\/a><a class=\"readmore email\" href=\"mailto:rafaelmiranda@leap.rutges.edu\">rafaelmiranda@leap.rutges.edu<\/a><\/div><\/div><\/div>\n<\/div>\n<div class=\"preview\">\n<p><img decoding=\"async\" src=\"https:\/\/www.leapacademycharter.org\/wp-content\/uploads\/2017\/05\/Staff-Wellness.jpg\" alt=\"\"><\/p>\n<div class=\"text gradient green\">\n<div class=\"oSioSc\">\n<div id=\"tw-target\">\n<div id=\"tw-target-text-container\" class=\"tw-ta-container tw-nfl\">\n<h3 id=\"tw-target-text\" class=\"tw-data-text tw-ta tw-text-medium\" dir=\"ltr\" data-placeholder=\"Translation\"><span lang=\"es\">Bienestar y Apoyo Familiar<\/span><\/h3>\n<\/div>\n<\/div>\n<\/div>\n<\/div>\n<div class=\"staff-accordion wellness\"><div class=\"staff-member\"><h4>Dr. Velmina Rivera, MD, FAAP<\/h4><span class=\"staff-title\">Pediatra\/Principal Oficial M\u00e9dico\/Director M\u00e9dico de la Escuela<\/span><div class=\"contact-us\"><a class=\"readmore phone\" href=\"tel:1-856-614-5610-opt-1\">856-614-5610 opt. 1<\/a><a class=\"readmore email\" href=\"mailto:vsrivera@leap.rutgers.edu\">vsrivera@leap.rutgers.edu<\/a><\/div><\/div><div class=\"staff-member\"><h4>(English) Lorna Quintana<\/h4><span class=\"staff-title\">(English) Coordinator of Parental Engagement, Recruitment and Retention<\/span><div class=\"contact-us\"><\/div><\/div><div class=\"staff-member\"><h4>Jacqueline DePrince<\/h4><span class=\"staff-title\">Office Manager- Wellness Center<\/span><div class=\"contact-us\"><a class=\"readmore phone\" href=\"tel:1-856-614-5610-opt-1\">856-614-5610 opt. 1<\/a><a class=\"readmore email\" href=\"mailto:jdeprince@leap.rutgers.edu\">jdeprince@leap.rutgers.edu<\/a><\/div><\/div><div class=\"staff-member\"><h4>Clara McCauley, LPN<\/h4><span class=\"staff-title\">(English) Enfermera pr\u00e1ctica licenciada<\/span><div class=\"contact-us\"><a class=\"readmore phone\" href=\"tel:1-856-614-5610-opt-1\">856-614-5610 opt. 1<\/a><a class=\"readmore email\" href=\"mailto:cmccauley@leap.rutgers.edu\">cmccauley@leap.rutgers.edu<\/a><\/div><\/div><div class=\"staff-member\"><h4>Kriza Santos<\/h4><span class=\"staff-title\">Programa Cl\u00ednico Asociado<\/span><div class=\"contact-us\"><a class=\"readmore phone\" href=\"tel:1-856-614-5610-opt-1\">856-614-5610 opt. 1<\/a><a class=\"readmore email\" href=\"mailto:ksantos@leap.rutgers.edu\">ksantos@leap.rutgers.edu<\/a><\/div><\/div><\/div>\n<\/div>\n<\/div>\n<p><\/div><\/div><\/p>","protected":false},"excerpt":{"rendered":"<p>Conozca a Nuestro Equipo de Liderazgo La Academia Universitaria LEAP es administrada por un equipo directivo liderado por<\/p>\n","protected":false},"author":2,"featured_media":4437,"parent":57,"menu_order":0,"comment_status":"closed","ping_status":"closed","template":"","meta":{"_acf_changed":false,"give_campaign_id":0,"footnotes":""},"class_list":["post-121","page","type-page","status-publish","has-post-thumbnail","hentry"],"acf":[],"aioseo_notices":[],"campaignId":"","_links":{"self":[{"href":"https:\/\/www.leapacademycharter.org\/es\/wp-json\/wp\/v2\/pages\/121","targetHints":{"allow":["GET"]}}],"collection":[{"href":"https:\/\/www.leapacademycharter.org\/es\/wp-json\/wp\/v2\/pages"}],"about":[{"href":"https:\/\/www.leapacademycharter.org\/es\/wp-json\/wp\/v2\/types\/page"}],"author":[{"embeddable":true,"href":"https:\/\/www.leapacademycharter.org\/es\/wp-json\/wp\/v2\/users\/2"}],"replies":[{"embeddable":true,"href":"https:\/\/www.leapacademycharter.org\/es\/wp-json\/wp\/v2\/comments?post=121"}],"version-history":[{"count":121,"href":"https:\/\/www.leapacademycharter.org\/es\/wp-json\/wp\/v2\/pages\/121\/revisions"}],"predecessor-version":[{"id":9119,"href":"https:\/\/www.leapacademycharter.org\/es\/wp-json\/wp\/v2\/pages\/121\/revisions\/9119"}],"up":[{"embeddable":true,"href":"https:\/\/www.leapacademycharter.org\/es\/wp-json\/wp\/v2\/pages\/57"}],"wp:featuredmedia":[{"embeddable":true,"href":"https:\/\/www.leapacademycharter.org\/es\/wp-json\/wp\/v2\/media\/4437"}],"wp:attachment":[{"href":"https:\/\/www.leapacademycharter.org\/es\/wp-json\/wp\/v2\/media?parent=121"}],"curies":[{"name":"wp","href":"https:\/\/api.w.org\/{rel}","templated":true}]}}