{"id":123,"date":"2017-05-30T16:08:55","date_gmt":"2017-05-30T16:08:55","guid":{"rendered":"https:\/\/www.leapacademycharter.org\/?page_id=123"},"modified":"2018-07-24T16:51:15","modified_gmt":"2018-07-24T20:51:15","slug":"our-partners","status":"publish","type":"page","link":"https:\/\/www.leapacademycharter.org\/es\/sobre\/nuestras-alianzas\/","title":{"rendered":"Nuestras Alianzas"},"content":{"rendered":"<p><\/p>\n<h2>Sustentar la Misi\u00f3n de LEAP a Trav\u00e9s de Asociaciones Universitarias y Comunitarias<\/h2>\n<p>Las asociaciones universitarias y comunitarias han sido un elemento clave para construir y sostener a la Academia LEAP desde su creaci\u00f3n. Las alianzas en LEAP est\u00e1n fundamentadas en responsabilidad compartida y procesos rec\u00edprocos para avanzar en la misi\u00f3n de la escuela. Nuestras alianzas se extienden a varios sectores:<\/p>\n<ol>\n<li>Instituciones de educaci\u00f3n superior<\/li>\n<li>La comunidad local y las organizaciones de servicios<\/li>\n<li>Empresas y corporaciones<\/li>\n<li>Organizaciones sin fines de lucro y con base de fe<\/li>\n<li>Agencias gubernamentales<\/li>\n<li>Fundaciones y donantes individuales<\/li>\n<li>Padres<\/li>\n<\/ol>\n<h2>Nuestros Socios de Educaci\u00f3n Superior<\/h2>\n<p><img decoding=\"async\" class=\"aligncenter\" src=\"https:\/\/www.leapacademycharter.org\/wp-content\/uploads\/2017\/05\/Partnerships-lg.png\" alt=\"\" \/><\/p>\n<p>Nuestros socios de educaci\u00f3n superior son fundamentales para nuestra visi\u00f3n de la preparaci\u00f3n y participaci\u00f3n universitaria. LEAP se compromete a ofrecer a sus estudiantes la mayor exposici\u00f3n posible a la Universidad y a las carreras. Esta exposici\u00f3n incluye un compromiso muy fuerte de ofrecer a los estudiantes oportunidades para inscribirse en cursos universitarios duales, participar en programas de enriquecimiento acad\u00e9mico e interactuar con profesores universitarios y estudiantes.<\/p>\n<p>Actualmente LEAP mantiene fuertes alianzas con cuatro instituciones de educaci\u00f3n postsecundaria: la Universidad Rutgers-Camden, su socio fundador, el Camden County College, la Universidad Rowan y el Cabrini College.<\/p>\n<h3>Asociaci\u00f3n con la Universidad Rutgers \u2013 Camden<\/h3>\n<p>La asociaci\u00f3n con Rutgers fue desarrollada durante la fase de planificaci\u00f3n de la escuela. Rutgers sigue siendo el principal socio institucional y canaliza su apoyo principalmente a trav\u00e9s de los Centros de Excelencia Rutgers\/LEAP. Esta larga relaci\u00f3n ha dado como resultado programas de calidad para estudiantes y familias, incluyendo desarrollo profesional, compromiso familiar, innovaci\u00f3n y educaci\u00f3n de STEM, programas para la ni\u00f1ez temprana y la entrega servicios sociales, emocionales y de salud integrales. Cada semestre los estudiantes de LEAP se inscriben en cursos en Rutgers-Camden sin costo para la Academia.<\/p>\n<h3>Asociaci\u00f3n con la Universidad Rowan<\/h3>\n<p>La Universidad Rowan trabaja con LEAP proporcionando oportunidades para la matr\u00edcula universitaria dual, as\u00ed como acceso para que los estudiantes participen en una variedad de programas, incluyendo la Academia STEAM de Rowan; la JUMP High Academy de la Escuela de Medicina Rowan Cooper; y la Urban Teachers Academy de Rowan. Rowan tambi\u00e9n ofrece programas universitarios para los padres de LEAP a trav\u00e9s de un esfuerzo \u00fanico dirigido a los adultos que regresan a la Universidad.<\/p>\n<p><strong>Rutgers y Rowan se han asociado para lanzar el programa de<\/strong><strong> Universidad Temprana de <\/strong><strong>LEAP que proporcionar\u00e1 a cada estudiante Senior la oportunidad de tomar una carga completa de cursos universitarios como parte del \u00faltimo a\u00f1o.<\/strong><\/p>\n<h3>Asociaci\u00f3n con la Universidad del Condado de Camden<\/h3>\n<p>La Universidad del Condado de Camden trabaja con LEAP ofreciendo cursos universitarios duales y acceso a programas de educaci\u00f3n espec\u00edficos. El colegio tambi\u00e9n sirve como un recurso para los padres y es el principal destino para los graduados de LEAP que optan por entrar en una Universidad de dos a\u00f1os.<\/p>\n<h3>Asociaci\u00f3n con Cabrini College<\/h3>\n<p>Cabrini College ofrece a los estudiantes de LEAP cursos universitarios duales en su recinto y trabaja estrechamente con la oficina de acceso a la Universidad en la prestaci\u00f3n de programas de liderazgo para los estudiantes.<\/p>\n<h2>Nuestros Socios Internacionales<\/h2>\n<p><img decoding=\"async\" class=\"alignnone\" src=\"https:\/\/www.leapacademycharter.org\/wp-content\/uploads\/2017\/05\/PR-5x2.jpg\" alt=\"\" \/><br \/>\nLa doctora Gloria Bonilla-Santiago ha trabajado para compartir\u00a0el \u00e9xito del modelo LEAP y del canal educativo con comunidades de todo el mundo. A trav\u00e9s de a\u00f1os de trabajo, la Academia LEAP ha transformado y revitalizado a estudiantes y familias en Cuba, Paraguay, Puerto Rico, Brasil, Sud\u00e1frica, y sigue impactando muchas otras \u00e1reas del mundo. <a href=\"https:\/\/clc.camden.rutgers.edu\/global-university-partnerships\/\">Haga clic aqu\u00ed<\/a> para aprender m\u00e1s sobre nuestro trabajo internacional.<\/p>","protected":false},"excerpt":{"rendered":"<p>Sustentar la Misi\u00f3n de LEAP a Trav\u00e9s de Asociaciones Universitarias y Comunitarias Las asociaciones universitarias y comunitarias han<\/p>\n","protected":false},"author":2,"featured_media":2385,"parent":57,"menu_order":0,"comment_status":"closed","ping_status":"closed","template":"","meta":{"_acf_changed":false,"give_campaign_id":0,"footnotes":""},"class_list":["post-123","page","type-page","status-publish","has-post-thumbnail","hentry"],"acf":[],"aioseo_notices":[],"campaignId":"","_links":{"self":[{"href":"https:\/\/www.leapacademycharter.org\/es\/wp-json\/wp\/v2\/pages\/123","targetHints":{"allow":["GET"]}}],"collection":[{"href":"https:\/\/www.leapacademycharter.org\/es\/wp-json\/wp\/v2\/pages"}],"about":[{"href":"https:\/\/www.leapacademycharter.org\/es\/wp-json\/wp\/v2\/types\/page"}],"author":[{"embeddable":true,"href":"https:\/\/www.leapacademycharter.org\/es\/wp-json\/wp\/v2\/users\/2"}],"replies":[{"embeddable":true,"href":"https:\/\/www.leapacademycharter.org\/es\/wp-json\/wp\/v2\/comments?post=123"}],"version-history":[{"count":27,"href":"https:\/\/www.leapacademycharter.org\/es\/wp-json\/wp\/v2\/pages\/123\/revisions"}],"predecessor-version":[{"id":3777,"href":"https:\/\/www.leapacademycharter.org\/es\/wp-json\/wp\/v2\/pages\/123\/revisions\/3777"}],"up":[{"embeddable":true,"href":"https:\/\/www.leapacademycharter.org\/es\/wp-json\/wp\/v2\/pages\/57"}],"wp:featuredmedia":[{"embeddable":true,"href":"https:\/\/www.leapacademycharter.org\/es\/wp-json\/wp\/v2\/media\/2385"}],"wp:attachment":[{"href":"https:\/\/www.leapacademycharter.org\/es\/wp-json\/wp\/v2\/media?parent=123"}],"curies":[{"name":"wp","href":"https:\/\/api.w.org\/{rel}","templated":true}]}}