{"id":125,"date":"2017-05-30T16:09:08","date_gmt":"2017-05-30T16:09:08","guid":{"rendered":"https:\/\/www.leapacademycharter.org\/?page_id=125"},"modified":"2022-08-29T12:00:30","modified_gmt":"2022-08-29T16:00:30","slug":"our-values","status":"publish","type":"page","link":"https:\/\/www.leapacademycharter.org\/es\/sobre\/nuestros-valores\/","title":{"rendered":"Nuestros Valores"},"content":{"rendered":"<p><\/p>\n<h2>Un Enfoque en la Excelencia, y un Compromiso con la Rendici\u00f3n de Cuentas y los Resultados<\/h2>\n<p>La Academia LEAP est\u00e1 fundamentada en valores que son el n\u00facleo de su marco organizacional y sus pr\u00e1cticas.<\/p>\n<ul>\n<li>Enfoque colectivo en el logro y el \u00e9xito<\/li>\n<li>Trabajo colectivo que da como resultado una excelente ejecuci\u00f3n<\/li>\n<li>Diversidad y equipo en el centro de la cultura escolar<\/li>\n<li>Estructuras positivas y din\u00e1micas para anclar el trabajo escolar<\/li>\n<li>Familias en el centro del compromiso<\/li>\n<li>Responsabilidad rec\u00edproca y transparencia para el trabajo<\/li>\n<\/ul>\n<p>&nbsp;<\/p>\n<p><div class=\"image-sliders\"><div class=\"sliders\"><div class=\"slider active\" data-number=\"1\" data-total=\"10\"><img decoding=\"async\" src=\"https:\/\/www.leapacademycharter.org\/wp-content\/uploads\/2022\/08\/we-are-team.jpg\" alt=\"\" \/><div class=\"text gradient red\"><h2>Somos un solo equipo.<\/h2><div class=\"arrows\"><span class=\"prev ion-chevron-left\"><\/span><span class=\"next ion-chevron-right\"><\/span><\/div><\/div><\/div><div class=\"slider\" data-number=\"2\" data-total=\"10\"><img decoding=\"async\" src=\"https:\/\/www.leapacademycharter.org\/wp-content\/uploads\/2022\/08\/diversity.jpg\" alt=\"\" \/><div class=\"text gradient red\"><h2>En la diversidad reside nuestra fortaleza.<\/h2><div class=\"arrows\"><span class=\"prev ion-chevron-left\"><\/span><span class=\"next ion-chevron-right\"><\/span><\/div><\/div><\/div><div class=\"slider\" data-number=\"3\" data-total=\"10\"><img decoding=\"async\" src=\"https:\/\/www.leapacademycharter.org\/wp-content\/uploads\/2019\/08\/student-achievement.jpg\" alt=\"\" \/><div class=\"text gradient red\"><h2>El logro de nuestros estudiantes es lo primero.<\/h2><div class=\"arrows\"><span class=\"prev ion-chevron-left\"><\/span><span class=\"next ion-chevron-right\"><\/span><\/div><\/div><\/div><div class=\"slider\" data-number=\"4\" data-total=\"10\"><img decoding=\"async\" src=\"https:\/\/www.leapacademycharter.org\/wp-content\/uploads\/2017\/05\/positive-culture.jpg\" alt=\"\" \/><div class=\"text gradient red\"><h2>Cultura positiva y solidaria.<\/h2><div class=\"arrows\"><span class=\"prev ion-chevron-left\"><\/span><span class=\"next ion-chevron-right\"><\/span><\/div><\/div><\/div><div class=\"slider\" data-number=\"5\" data-total=\"10\"><img decoding=\"async\" src=\"https:\/\/www.leapacademycharter.org\/wp-content\/uploads\/2022\/08\/weareaccountable-scaled.jpg\" alt=\"\" \/><div class=\"text gradient red\"><h2>Todos somos responsables.<\/h2><div class=\"arrows\"><span class=\"prev ion-chevron-left\"><\/span><span class=\"next ion-chevron-right\"><\/span><\/div><\/div><\/div><div class=\"slider\" data-number=\"6\" data-total=\"10\"><img decoding=\"async\" src=\"https:\/\/www.leapacademycharter.org\/wp-content\/uploads\/2019\/08\/inprovement-outgoing.jpg\" alt=\"\" \/><div class=\"text gradient red\"><h2>El mejoramiento es un proceso continuo.<\/h2><div class=\"arrows\"><span class=\"prev ion-chevron-left\"><\/span><span class=\"next ion-chevron-right\"><\/span><\/div><\/div><\/div><div class=\"slider\" data-number=\"7\" data-total=\"10\"><img decoding=\"async\" src=\"https:\/\/www.leapacademycharter.org\/wp-content\/uploads\/2019\/08\/take-high-road.jpg\" alt=\"\" \/><div class=\"text gradient red\"><h2>Aspiramos a lo mejor.<\/h2><div class=\"arrows\"><span class=\"prev ion-chevron-left\"><\/span><span class=\"next ion-chevron-right\"><\/span><\/div><\/div><\/div><div class=\"slider\" data-number=\"8\" data-total=\"10\"><img decoding=\"async\" src=\"https:\/\/www.leapacademycharter.org\/wp-content\/uploads\/2017\/05\/what-ever-it-takes.jpg\" alt=\"\" \/><div class=\"text gradient red\"><h2>Hacemos lo que sea necesario para realizar nuestro trabajo.<\/h2><div class=\"arrows\"><span class=\"prev ion-chevron-left\"><\/span><span class=\"next ion-chevron-right\"><\/span><\/div><\/div><\/div><div class=\"slider\" data-number=\"9\" data-total=\"10\"><img decoding=\"async\" src=\"https:\/\/www.leapacademycharter.org\/wp-content\/uploads\/2017\/05\/we-are-family-2.jpg\" alt=\"\" \/><div class=\"text gradient red\"><h2>Somos una familia.<\/h2><div class=\"arrows\"><span class=\"prev ion-chevron-left\"><\/span><span class=\"next ion-chevron-right\"><\/span><\/div><\/div><\/div><div class=\"slider\" data-number=\"10\" data-total=\"10\"><img decoding=\"async\" src=\"https:\/\/www.leapacademycharter.org\/wp-content\/uploads\/2019\/08\/Transparenceeachother.jpg\" alt=\"\" \/><div class=\"text gradient red\"><h2>Transparencia mutua.<\/h2><div class=\"arrows\"><span class=\"prev ion-chevron-left\"><\/span><span class=\"next ion-chevron-right\"><\/span><\/div><\/div><\/div><\/div><div class=\"tabs\"><span class=\"tab\" data-number=\"10\" data-total=\"10\"><\/span><\/div><\/div><\/p>","protected":false},"excerpt":{"rendered":"<p>Un Enfoque en la Excelencia, y un Compromiso con la Rendici\u00f3n de Cuentas y los Resultados La Academia<\/p>\n","protected":false},"author":2,"featured_media":7986,"parent":57,"menu_order":0,"comment_status":"closed","ping_status":"closed","template":"","meta":{"_acf_changed":false,"give_campaign_id":0,"footnotes":""},"class_list":["post-125","page","type-page","status-publish","has-post-thumbnail","hentry"],"acf":[],"aioseo_notices":[],"campaignId":"","_links":{"self":[{"href":"https:\/\/www.leapacademycharter.org\/es\/wp-json\/wp\/v2\/pages\/125","targetHints":{"allow":["GET"]}}],"collection":[{"href":"https:\/\/www.leapacademycharter.org\/es\/wp-json\/wp\/v2\/pages"}],"about":[{"href":"https:\/\/www.leapacademycharter.org\/es\/wp-json\/wp\/v2\/types\/page"}],"author":[{"embeddable":true,"href":"https:\/\/www.leapacademycharter.org\/es\/wp-json\/wp\/v2\/users\/2"}],"replies":[{"embeddable":true,"href":"https:\/\/www.leapacademycharter.org\/es\/wp-json\/wp\/v2\/comments?post=125"}],"version-history":[{"count":24,"href":"https:\/\/www.leapacademycharter.org\/es\/wp-json\/wp\/v2\/pages\/125\/revisions"}],"predecessor-version":[{"id":7996,"href":"https:\/\/www.leapacademycharter.org\/es\/wp-json\/wp\/v2\/pages\/125\/revisions\/7996"}],"up":[{"embeddable":true,"href":"https:\/\/www.leapacademycharter.org\/es\/wp-json\/wp\/v2\/pages\/57"}],"wp:featuredmedia":[{"embeddable":true,"href":"https:\/\/www.leapacademycharter.org\/es\/wp-json\/wp\/v2\/media\/7986"}],"wp:attachment":[{"href":"https:\/\/www.leapacademycharter.org\/es\/wp-json\/wp\/v2\/media?parent=125"}],"curies":[{"name":"wp","href":"https:\/\/api.w.org\/{rel}","templated":true}]}}