{"id":127,"date":"2017-05-30T16:09:22","date_gmt":"2017-05-30T16:09:22","guid":{"rendered":"https:\/\/www.leapacademycharter.org\/?page_id=127"},"modified":"2022-10-18T16:02:23","modified_gmt":"2022-10-18T20:02:23","slug":"our-mission","status":"publish","type":"page","link":"https:\/\/www.leapacademycharter.org\/es\/sobre\/nuestra-mision\/","title":{"rendered":"Nuestra Misi\u00f3n"},"content":{"rendered":"<p><\/p>\n<h2>Empoderando La Excelencia Educativa, Desde La Cuna Hasta La Universidad.<\/h2>\n<p>La misi\u00f3n fundacional de LEAP es mejorar las oportunidades para los ni\u00f1os y las familias de Camden a trav\u00e9s del dise\u00f1o colaborativo, la implementaci\u00f3n y la integraci\u00f3n de programas de educaci\u00f3n, salud y servicios humanos y del desarrollo de la comunidad.<\/p>\n<h3>A lo largo de su trayectoria, LEAP ha desarrollado elementos fundacionales que anclan su trabajo y apoyan su misi\u00f3n:<\/h3>\n<ol>\n<li>Leap ha utilizado el concepto de &#8220;escuelas p\u00fablicas Alianza&#8221; como una plataforma para transformar las opciones educativas para los padres y los ni\u00f1os.<\/li>\n<li>Integrado en la preparaci\u00f3n universitaria el enfoque acad\u00e9mico en un riguroso curr\u00edculo que se centra en los modelos STEM\/STEAM (ciencia, tecnolog\u00eda, ingenier\u00eda, artes y matem\u00e1ticas).<\/li>\n<li>LEAP ha colocado a prop\u00f3sito la preparaci\u00f3n universitaria y de carrera en el centro de la estructura organizativa de la escuela a trav\u00e9s de un enfoque hacia las altas expectativas para todos los estudiantes, maestros y familias.<\/li>\n<li>LEAP contin\u00faa bas\u00e1ndose en su compromiso de desarrollar un s\u00f3lido canal educativo que sostenga a los ni\u00f1os desde la infancia hasta la Universidad, para asegurar que las necesidades acad\u00e9micas y socioemocionales de los ni\u00f1os sean abordadas lo antes posible. LEAP adem\u00e1s apoya el adelanto educativo de los padres.<\/li>\n<li>La Academia Leap capitaliza una s\u00f3lida base fiscal y operativa que se alinea con las prioridades educacionales y de apoyo de la escuela.<\/li>\n<li>Leap invierte en su gente, ya que el capital humano de las escuelas es uno de sus activos m\u00e1s preciados.<\/li>\n<\/ol>\n<div class=\" lyqbox-item video-16-9\" data-lyqbox-url=\"https:\/\/www.youtube.com\/embed\/QFiCDdixweg?rel=0&amp;autoplay=1\" data-lyqbox-type=\"video\" data-lyqbox=\"13666\"><img decoding=\"async\" src=\"https:\/\/www.leapacademycharter.org\/wp-content\/uploads\/2017\/05\/Mission-Video.jpg\" alt=\"\" \/><\/div>\n<p><\/p>","protected":false},"excerpt":{"rendered":"<p>Empoderando La Excelencia Educativa, Desde La Cuna Hasta La Universidad. La misi\u00f3n fundacional de LEAP es mejorar las<\/p>\n","protected":false},"author":2,"featured_media":4282,"parent":57,"menu_order":0,"comment_status":"closed","ping_status":"closed","template":"","meta":{"_acf_changed":false,"give_campaign_id":0,"footnotes":""},"class_list":["post-127","page","type-page","status-publish","has-post-thumbnail","hentry"],"acf":[],"aioseo_notices":[],"campaignId":"","_links":{"self":[{"href":"https:\/\/www.leapacademycharter.org\/es\/wp-json\/wp\/v2\/pages\/127","targetHints":{"allow":["GET"]}}],"collection":[{"href":"https:\/\/www.leapacademycharter.org\/es\/wp-json\/wp\/v2\/pages"}],"about":[{"href":"https:\/\/www.leapacademycharter.org\/es\/wp-json\/wp\/v2\/types\/page"}],"author":[{"embeddable":true,"href":"https:\/\/www.leapacademycharter.org\/es\/wp-json\/wp\/v2\/users\/2"}],"replies":[{"embeddable":true,"href":"https:\/\/www.leapacademycharter.org\/es\/wp-json\/wp\/v2\/comments?post=127"}],"version-history":[{"count":24,"href":"https:\/\/www.leapacademycharter.org\/es\/wp-json\/wp\/v2\/pages\/127\/revisions"}],"predecessor-version":[{"id":8220,"href":"https:\/\/www.leapacademycharter.org\/es\/wp-json\/wp\/v2\/pages\/127\/revisions\/8220"}],"up":[{"embeddable":true,"href":"https:\/\/www.leapacademycharter.org\/es\/wp-json\/wp\/v2\/pages\/57"}],"wp:featuredmedia":[{"embeddable":true,"href":"https:\/\/www.leapacademycharter.org\/es\/wp-json\/wp\/v2\/media\/4282"}],"wp:attachment":[{"href":"https:\/\/www.leapacademycharter.org\/es\/wp-json\/wp\/v2\/media?parent=127"}],"curies":[{"name":"wp","href":"https:\/\/api.w.org\/{rel}","templated":true}]}}