{"id":1662,"date":"2017-07-28T18:34:14","date_gmt":"2017-07-28T18:34:14","guid":{"rendered":"https:\/\/www.leapacademycharter.org\/?page_id=1662"},"modified":"2024-07-24T15:19:13","modified_gmt":"2024-07-24T19:19:13","slug":"work-at-leap","status":"publish","type":"page","link":"https:\/\/www.leapacademycharter.org\/es\/trabaje-en-leap\/","title":{"rendered":"Trabaje en LEAP"},"content":{"rendered":"<h2>Carreras en la Academia LEAP<\/h2>\r\nLEAP es una escuela innovadora y vibrante con una misi\u00f3n que se centra en ofrecer la mejor educaci\u00f3n y oportunidades a los estudiantes y sus familias.\r\n\r\nLos maestros y el personal son la columna vertebral de la organizaci\u00f3n de LEAP y estamos buscando candidatos que demuestren un alto nivel de compromiso con nuestra misi\u00f3n.\r\n\r\nSi est\u00e1 comprometido con:\r\n<ul>\r\n \t<li>La ense\u00f1anza y el aprendizaje de calidad en un entorno urbano<\/li>\r\n \t<li>El crecimiento personal y profesional y el desarrollo personal<\/li>\r\n \t<li>Hacer la diferencia para los ni\u00f1os urbanos y sus familias<\/li>\r\n \t<li>Ayudar a los estudiantes y a sus familias a romper el ciclo de la pobreza y entrar en un ciclo de prosperidad<\/li>\r\n \t<li>Convertirse en un catalizador para el \u00e9xito y logro de todos los ni\u00f1os<\/li>\r\n \t<li>Hacer la diferencia mientras construye una carrera significativa<\/li>\r\n<\/ul>\r\n\u00a1Entonces, la Academia LEAP puede ser su respuesta!\r\n\r\n<div class=\"image-sliders\"><div class=\"sliders\"><div class=\"slider active\" data-number=\"1\" data-total=\"5\"><img decoding=\"async\" src=\"https:\/\/www.leapacademycharter.org\/wp-content\/uploads\/2023\/04\/Elementary_Teacher_Student-3x2-1.jpg\" alt=\"\" \/><div class=\"text gradient red\"><h2>Los maestros transforman y salvan vidas.<\/h2><div class=\"arrows\"><span class=\"prev ion-chevron-left\"><\/span><span class=\"next ion-chevron-right\"><\/span><\/div><\/div><\/div><div class=\"slider\" data-number=\"2\" data-total=\"5\"><img decoding=\"async\" src=\"https:\/\/www.leapacademycharter.org\/wp-content\/uploads\/2023\/04\/Elementary_Teacher_Student-3x21-1.jpg\" alt=\"\" \/><div class=\"text gradient red\"><h2>Los maestros son parte de la vida del estudiante.<\/h2><div class=\"arrows\"><span class=\"prev ion-chevron-left\"><\/span><span class=\"next ion-chevron-right\"><\/span><\/div><\/div><\/div><div class=\"slider\" data-number=\"3\" data-total=\"5\"><img decoding=\"async\" src=\"https:\/\/www.leapacademycharter.org\/wp-content\/uploads\/2023\/04\/HSS_Teacher_Student-3x2-1.jpg\" alt=\"\" \/><div class=\"text gradient red\"><h2>Los maestros innovan para mejorar el aprendizaje.<\/h2><div class=\"arrows\"><span class=\"prev ion-chevron-left\"><\/span><span class=\"next ion-chevron-right\"><\/span><\/div><\/div><\/div><div class=\"slider\" data-number=\"4\" data-total=\"5\"><img decoding=\"async\" src=\"https:\/\/www.leapacademycharter.org\/wp-content\/uploads\/2023\/04\/HS_Teacher_Student-3x2-1.jpg\" alt=\"\" \/><div class=\"text gradient red\"><h2>Los maestros son nuestros l\u00edderes.<\/h2><div class=\"arrows\"><span class=\"prev ion-chevron-left\"><\/span><span class=\"next ion-chevron-right\"><\/span><\/div><\/div><\/div><div class=\"slider\" data-number=\"5\" data-total=\"5\"><img decoding=\"async\" src=\"https:\/\/www.leapacademycharter.org\/wp-content\/uploads\/2017\/07\/DSC_6985.jpg\" alt=\"\" \/><div class=\"text gradient red\"><h2>LEAP invierte en el desarrollo de los maestros.<\/h2><div class=\"arrows\"><span class=\"prev ion-chevron-left\"><\/span><span class=\"next ion-chevron-right\"><\/span><\/div><\/div><\/div><\/div><div class=\"tabs\"><span class=\"tab\" data-number=\"5\" data-total=\"5\"><\/span><\/div><\/div>\r\n<h2>\u00bfQu\u00e9 ofrece LEAP a un profesional de la educaci\u00f3n con mentalidad de carrera?<\/h2>\r\n<div class=\"menu-of-services\"><div class=\"service cf\"><div class=\"image blk25%-lg blkgroup\"><img decoding=\"async\" class=\"xs-hide\" src=\"https:\/\/www.leapacademycharter.org\/wp-content\/uploads\/2023\/04\/Career_1x1.jpg\" alt=\"\"\/><img decoding=\"async\" class=\"hide xs-show\" src=\"https:\/\/www.leapacademycharter.org\/wp-content\/uploads\/2023\/04\/Career_2x1.jpg\" alt=\"\"\/><\/div><div class=\"blk75%-lg text blkgroup\"><h3>Desarrollo Profesional<\/h3><p>Los maestros tienen acceso a entrenadores y especialistas que les brindan ayuda individualizada. Todos los maestros reciben apoyo en su b\u00fasqueda de oportunidades de formaci\u00f3n postgrado que los ayuden a avanzar en su pr\u00e1ctica y competencia como profesor.<\/p>\n<\/div><\/div><div class=\"service cf\"><div class=\"image blk25%-lg blkgroup\"><img decoding=\"async\" class=\"xs-hide\" src=\"https:\/\/www.leapacademycharter.org\/wp-content\/uploads\/2023\/04\/Career3_1x1.jpg\" alt=\"\"\/><img decoding=\"async\" class=\"hide xs-show\" src=\"https:\/\/www.leapacademycharter.org\/wp-content\/uploads\/2023\/04\/Career3_2x1.jpg\" alt=\"\"\/><\/div><div class=\"blk75%-lg text blkgroup\"><h3>Recursos Educativos<\/h3><p>Los maestros son apoyados en las solicitudes de recursos adicionales basados en proyectos especializados creados para mejorar la ense\u00f1anza y el aprendizaje. Cada maestro tambi\u00e9n recibe una computadora port\u00e1til y tiene acceso desde su casa y en la escuela a recursos basados en la web.<\/p>\n<\/div><\/div><div class=\"service cf\"><div class=\"image blk25%-lg blkgroup\"><img decoding=\"async\" class=\"xs-hide\" src=\"https:\/\/www.leapacademycharter.org\/wp-content\/uploads\/2023\/04\/Career4_1x1-1.jpg\" alt=\"\"\/><img decoding=\"async\" class=\"hide xs-show\" src=\"https:\/\/www.leapacademycharter.org\/wp-content\/uploads\/2023\/04\/Career4_2x1.jpg\" alt=\"\"\/><\/div><div class=\"blk75%-lg text blkgroup\"><h3>Recompensas e Incentivos<\/h3><p>LEAP se esfuerza por ofrecer a todos los maestros y personal beneficios competitivos, planes de pensiones y otras oportunidades que mejoran su bienestar. Los maestros son apoyados y recompensados en tres \u00e1reas principales: pr\u00e1ctica de la ense\u00f1anza, contribuciones profesionales y de liderazgo y crecimiento del estudiante, y son elegibles para aumentos de hasta 5% cada a\u00f1o.<\/p>\n<\/div><\/div><div class=\"service cf\"><div class=\"image blk25%-lg blkgroup\"><img decoding=\"async\" class=\"xs-hide\" src=\"https:\/\/www.leapacademycharter.org\/wp-content\/uploads\/2023\/04\/Career2_1x1.jpg\" alt=\"\"\/><img decoding=\"async\" class=\"hide xs-show\" src=\"https:\/\/www.leapacademycharter.org\/wp-content\/uploads\/2023\/04\/Career2_2x1.jpg\" alt=\"\"\/><\/div><div class=\"blk75%-lg text blkgroup\"><h3>Oportunidades de Carrera<\/h3><p>Se anima a los maestros de LEAP a aspirar a y prepararse para puestos de liderazgo, convirti\u00e9ndose en excelentes modelos para los nuevos maestros. Se brindan oportunidades para que los maestros participen en proyectos y actividades extra y co-curriculares y tambi\u00e9n se apoya a maestros en la obtenci\u00f3n de financiamiento externo para proyectos especiales.<\/p>\n<\/div><\/div><\/div>","protected":false},"excerpt":{"rendered":"<p>Carreras en la Academia LEAP LEAP es una escuela innovadora y vibrante con una misi\u00f3n que se centra<\/p>\n","protected":false},"author":1,"featured_media":8346,"parent":0,"menu_order":0,"comment_status":"closed","ping_status":"closed","template":"","meta":{"_acf_changed":false,"give_campaign_id":0,"footnotes":""},"class_list":["post-1662","page","type-page","status-publish","has-post-thumbnail","hentry"],"acf":[],"aioseo_notices":[],"campaignId":"","_links":{"self":[{"href":"https:\/\/www.leapacademycharter.org\/es\/wp-json\/wp\/v2\/pages\/1662","targetHints":{"allow":["GET"]}}],"collection":[{"href":"https:\/\/www.leapacademycharter.org\/es\/wp-json\/wp\/v2\/pages"}],"about":[{"href":"https:\/\/www.leapacademycharter.org\/es\/wp-json\/wp\/v2\/types\/page"}],"author":[{"embeddable":true,"href":"https:\/\/www.leapacademycharter.org\/es\/wp-json\/wp\/v2\/users\/1"}],"replies":[{"embeddable":true,"href":"https:\/\/www.leapacademycharter.org\/es\/wp-json\/wp\/v2\/comments?post=1662"}],"version-history":[{"count":50,"href":"https:\/\/www.leapacademycharter.org\/es\/wp-json\/wp\/v2\/pages\/1662\/revisions"}],"predecessor-version":[{"id":9171,"href":"https:\/\/www.leapacademycharter.org\/es\/wp-json\/wp\/v2\/pages\/1662\/revisions\/9171"}],"wp:featuredmedia":[{"embeddable":true,"href":"https:\/\/www.leapacademycharter.org\/es\/wp-json\/wp\/v2\/media\/8346"}],"wp:attachment":[{"href":"https:\/\/www.leapacademycharter.org\/es\/wp-json\/wp\/v2\/media?parent=1662"}],"curies":[{"name":"wp","href":"https:\/\/api.w.org\/{rel}","templated":true}]}}