{"id":1677,"date":"2017-07-28T19:29:22","date_gmt":"2017-07-28T19:29:22","guid":{"rendered":"https:\/\/www.leapacademycharter.org\/?page_id=1677"},"modified":"2018-07-24T11:28:54","modified_gmt":"2018-07-24T15:28:54","slug":"our-history","status":"publish","type":"page","link":"https:\/\/www.leapacademycharter.org\/es\/sobre\/nuestra-historia\/","title":{"rendered":"Nuestra Historia"},"content":{"rendered":"<p><\/p>\n<h2>Historia<\/h2>\n<p>Fundada en 1997, la Academia LEAP es una de las trece escuelas p\u00fablicas Alianza originarias en el estado de Nueva Jersey y la primera en Camden City. LEAP abri\u00f3 sus puertas en septiembre de 1997 a 324 estudiantes en los grados K-5 en unos edificios modulares temporeros ubicados en la calle Linden. Hoy, LEAP sirve a 1,560 estudiantes en los grados K-12. LEAP ha conseguido exitosos resultados de graduaci\u00f3n de la escuela secundaria y de colocaci\u00f3n en la Universidad, logrando 100% de graduaci\u00f3n y tasas de colocaci\u00f3n universitaria desde su primera clase graduada en 2005.<\/p>\n<p>Bajo el liderazgo estrat\u00e9gico y visionario de la doctora Gloria Bonilla-Santiago, junto con un grupo de padres locales y partes interesadas, LEAP ha continuado expandiendo su oferta y programas acad\u00e9micos, as\u00ed como su huella en la calle Cooper, con cinco edificios que ocupan 240,000 pies cuadrados a lo largo de la zona conocida como el corredor educativo de Camden. La Academia LEAP ha a\u00f1adido una vibrante presencia de K-12 al &#8220;corredor de la educaci\u00f3n&#8221; de Camden, que tambi\u00e9n cuenta con recintos de la Universidad Rutgers, la Universidad Rowan, la Universidad del Condado de Camden, y la Academia de Investigaci\u00f3n del Aprendizaje Temprano de Rutgers (ELRA). La ubicaci\u00f3n de la Academia LEAP junto con estas instituciones de educaci\u00f3n superior permite a los ni\u00f1os de Camden iniciar su educaci\u00f3n en la infancia desde el ELRA, proceder a la Academia LEAP y realizar la transici\u00f3n a la educaci\u00f3n superior, todo a lo largo de la calle Cooper.<\/p>\n<p><img decoding=\"async\" class=\"aligncenter hide lg-show\" src=\"https:\/\/www.leapacademycharter.org\/wp-content\/uploads\/2017\/09\/History-Graphic-LG.png\" alt=\"\" \/><\/p>\n<p><img decoding=\"async\" class=\"aligncenter hide md-show\" src=\"https:\/\/www.leapacademycharter.org\/wp-content\/uploads\/2017\/09\/History-Graphic-MD.png\" alt=\"\" \/><\/p>\n<p><img decoding=\"async\" class=\"aligncenter hide sm-show\" src=\"https:\/\/www.leapacademycharter.org\/wp-content\/uploads\/2017\/09\/History-Graphic-SM.png\" alt=\"\" \/><\/p>\n<p><img decoding=\"async\" class=\"aligncenter hide xs-show\" src=\"https:\/\/www.leapacademycharter.org\/wp-content\/uploads\/2017\/09\/History-Graphic-XS.png\" alt=\"\" \/><\/p>","protected":false},"excerpt":{"rendered":"<p>Historia Fundada en 1997, la Academia LEAP es una de las trece escuelas p\u00fablicas Alianza originarias en el<\/p>\n","protected":false},"author":2,"featured_media":1890,"parent":57,"menu_order":0,"comment_status":"closed","ping_status":"closed","template":"","meta":{"_acf_changed":false,"give_campaign_id":0,"footnotes":""},"class_list":["post-1677","page","type-page","status-publish","has-post-thumbnail","hentry"],"acf":[],"aioseo_notices":[],"campaignId":"","_links":{"self":[{"href":"https:\/\/www.leapacademycharter.org\/es\/wp-json\/wp\/v2\/pages\/1677","targetHints":{"allow":["GET"]}}],"collection":[{"href":"https:\/\/www.leapacademycharter.org\/es\/wp-json\/wp\/v2\/pages"}],"about":[{"href":"https:\/\/www.leapacademycharter.org\/es\/wp-json\/wp\/v2\/types\/page"}],"author":[{"embeddable":true,"href":"https:\/\/www.leapacademycharter.org\/es\/wp-json\/wp\/v2\/users\/2"}],"replies":[{"embeddable":true,"href":"https:\/\/www.leapacademycharter.org\/es\/wp-json\/wp\/v2\/comments?post=1677"}],"version-history":[{"count":14,"href":"https:\/\/www.leapacademycharter.org\/es\/wp-json\/wp\/v2\/pages\/1677\/revisions"}],"predecessor-version":[{"id":3773,"href":"https:\/\/www.leapacademycharter.org\/es\/wp-json\/wp\/v2\/pages\/1677\/revisions\/3773"}],"up":[{"embeddable":true,"href":"https:\/\/www.leapacademycharter.org\/es\/wp-json\/wp\/v2\/pages\/57"}],"wp:featuredmedia":[{"embeddable":true,"href":"https:\/\/www.leapacademycharter.org\/es\/wp-json\/wp\/v2\/media\/1890"}],"wp:attachment":[{"href":"https:\/\/www.leapacademycharter.org\/es\/wp-json\/wp\/v2\/media?parent=1677"}],"curies":[{"name":"wp","href":"https:\/\/api.w.org\/{rel}","templated":true}]}}