{"id":39,"date":"2017-05-26T18:58:37","date_gmt":"2017-05-26T18:58:37","guid":{"rendered":"https:\/\/www.leapacademycharter.org\/?page_id=39"},"modified":"2024-10-09T13:07:54","modified_gmt":"2024-10-09T17:07:54","slug":"parents","status":"publish","type":"page","link":"https:\/\/www.leapacademycharter.org\/es\/parent-engagement-center\/","title":{"rendered":"Centro de Participaci\u00f3n de Padres"},"content":{"rendered":"<p>Recursos para Padres<\/h2><ul class=\"resources-minutes-list\"><li><a class=\"readmore\" href=\"https:\/\/www.leapacademycharter.org\/wp-content\/uploads\/2024\/10\/LEAP-Blue-And-Pink-Laundry-Flyer-Version-1.pdf\">FREE LAUNDRY PROGRAM FOR FAMILIES<\/a><\/li><li><a class=\"readmore\" href=\"https:\/\/www.leapacademycharter.org\/wp-content\/uploads\/2022\/09\/Family-Handbook-202-2023.pdf\">(English) Parent Student Handbook 2022-2023<\/a><\/li><li><a class=\"readmore\" href=\"https:\/\/www.leapacademycharter.org\/wp-content\/uploads\/2021\/08\/Title-1-parental-engagement-policy17688.pdf\">(English) Title 1 Part A Parent Engagement Policy<\/a><\/li><li><a class=\"readmore\" href=\"https:\/\/www.leapacademycharter.org\/wp-content\/uploads\/2021\/08\/Title-1-Parent-Compact-Letter-August-2021.pdf\">(English) Title 1 Parent Compact Letter English Plus Policy<\/a><\/li><li><a class=\"readmore\" href=\"https:\/\/www.leapacademycharter.org\/wp-content\/uploads\/2021\/08\/Title-1-Parent-Compact-Letter-in-Spanish-LEAP.pdf\">(English) Title 1 Parent Compact Letter  Spanish<\/a><\/li><li><a class=\"readmore\" href=\"https:\/\/www.leapacademycharter.org\/wp-content\/uploads\/2021\/08\/Title-I-Parents-Right-to-know-letter-ENG.pdf\">(English) Title 1 Parents Right to Know Letter English<\/a><\/li><li><a class=\"readmore\" href=\"https:\/\/www.leapacademycharter.org\/wp-content\/uploads\/2021\/08\/Title-I-Parents-Right-to-know-letter-SPAN.pdf\">(English) Title 1 Parents Right to Know Letter Spanish<\/a><\/li><li><a class=\"readmore\" href=\"https:\/\/www.leapacademycharter.org\/wp-content\/uploads\/2021\/08\/Title-1-parent-meeting-letter-ENG-policy.pdf\">(English) Title 1 Part A Annual Parent Meeting Flyer<\/a><\/li><li><a class=\"readmore\" href=\"https:\/\/www.leapacademycharter.org\/wp-content\/uploads\/2021\/08\/LEAP-Title-1A-Parent-Meeting-participation-form.pdf\">(English) Title 1 Part A Annual Parent Meeting Permission Form<\/a><\/li><li><a class=\"readmore\" href=\"https:\/\/www.youtube.com\/watch?v=IxqgmZLZ038&feature=youtu.be\">(English) Instructional Video for Mixed Method Mode of Instruction<\/a><\/li><li><a class=\"readmore\" href=\"https:\/\/www.leapacademycharter.org\/wp-content\/uploads\/2021\/01\/Parental-Notification-of-Assessments01062021.pdf\">(English) Parental Notification Assessments<\/a><\/li><li><a class=\"readmore\" href=\"https:\/\/www.leapacademycharter.org\/wp-content\/uploads\/2020\/10\/Return-to-School.pdf\">(English) Back to School a Guide for Students<\/a><\/li><li><a class=\"readmore\" href=\"https:\/\/www.leapacademycharter.org\/leap-prepares-to-receive-students-in-october-5th-learn-about-the-schools-preparedness\/\">(English) LEAP prepares to receive students in October 5th \u2013 Learn about the school\u2019s preparedness<\/a><\/li><li><a class=\"readmore\" href=\"https:\/\/www.leapacademycharter.org\/webinar-families-learn-with-leap\/\">(English) LEAP Families Virtual Webinars<\/a><\/li><li><a class=\"readmore\" href=\"https:\/\/www.smore.com\/jkfs1\">(English) LEAP Hispanic Heritage Month Resources<\/a><\/li><li><a class=\"readmore\" href=\"\">(English) Uniform Information for 2020-2021<\/a><\/li><li><a class=\"readmore\" href=\"https:\/\/www.leapacademycharter.org\/wp-content\/uploads\/2017\/05\/LEAP-Academy_Remote-Learning_Closure-Plan_May_22_2020.pdf\">(English) Remote Learning & Public Health-Related School Closure Plan<\/a><\/li><li><a class=\"readmore\" href=\"https:\/\/ussoccerfoundation.org\/uploads\/sites\/1\/pdf\/SoccerForSuccessAtHome_Flyer_V8English_.pdf\">(English) Let'sAt home activities Take a Brain Break | Soccer for Success at Home<\/a><\/li><li><a class=\"readmore\" href=\"https:\/\/www.leapacademycharter.org\/wp-content\/uploads\/2020\/05\/Parent-letter-Coronavirus-closure-English-Spanish-5-4-2020.pdf\">Carta importante acerca del cierre de la escuela for el resto del ano escolar 2019-2020 devido a el COVID 19.<\/a><\/li><li><a class=\"readmore\" href=\"https:\/\/www.leapacademycharter.org\/wp-content\/uploads\/2020\/05\/Parent-letter-Coronavirus-closure-English-Spanish-5-4-2020.pdf\">(English) Important letter about the closure of the school for the rest of the school year 2019-2020 due to COVID 19.<\/a><\/li><li><a class=\"readmore\" href=\"https:\/\/www.leapacademycharter.org\/wp-content\/uploads\/2020\/05\/20-Ways-to-Build-Resilience-at-Home.pdf\">(English) 20 Ways to Build Resilience at Home<\/a><\/li><li><a class=\"readmore\" href=\"https:\/\/www.nj.gov\/dcf\/coronavirus_licensedchildcare.html\">(English) COVID-19 Resources for Licensed Childcare<\/a><\/li><li><a class=\"readmore\" href=\"https:\/\/www.leapacademycharter.org\/wp-content\/uploads\/2020\/03\/Parent-letter_school-closure_March-26.pdf\">(English) Memo to parents on School Closure, Remote Learning and Extended Day cancellation<\/a><\/li><li><a class=\"readmore\" href=\"https:\/\/www.leapacademycharter.org\/wp-content\/uploads\/2020\/03\/LEAP-Academy-University-Charter-School-corona-virus-preparedness-plan-march-12-20206406.pdf\">(English) LEAP Academy Preparedness Plan for Addressing Coronavirus Disease (COVID-19)<\/a><\/li><li><a class=\"readmore\" href=\"https:\/\/www.leapacademycharter.org\/wp-content\/uploads\/2020\/03\/pandemic_flu_parents_guide_helping_families_cope_pandemic_flu.pdf\">(English) Pandemic Flu Fact Sheet Parents's Guide to Helping Families Cope with a Pandemic Flu<\/a><\/li><li><a class=\"readmore\" href=\"https:\/\/www.leapacademycharter.org\/wp-content\/uploads\/2020\/03\/pandemic_flu_parents_guide_helping_families_cope_pandemic_flu_sp.pdf\">(English) Influenza Pandemica Guia de los Padres para ayudar a las familias a Enfrentar la Influenza Pandemica<\/a><\/li><li><a class=\"readmore\" href=\"https:\/\/www.leapacademycharter.org\/wp-content\/uploads\/2020\/03\/LEAP-Corona-Virus-Full-Plan.pdf\">(English) Pandemic Crisis Plan LEAP Academy Charter School (Emergency Plan)<\/a><\/li><li><a class=\"readmore\" href=\"https:\/\/www.nj.gov\/education\/topics\/COVID19%20Frequently%20Asked%20Questions%20(FAQ)%20Related%20to%20School%20Emergency%20Preparedness%20Plans.pdf\">(English) New Jersey Department of Education Updates and Frequently Asked Questions Related to COVID-19 School Closures (Updated: March 17, 2020  This guidance will be updated regularly during COVID-19 school closures.)<\/a><\/li><li><a class=\"readmore\" href=\"https:\/\/www.leapacademycharter.org\/wp-content\/uploads\/2019\/10\/Form-357-LEAP-Academy-Wellness-Policy-Assessment-Tool_10-15-193905.pdf\">(English) LEAP Academy Wellness Policy Assessment Tool<\/a><\/li><\/ul><\/p>\n\n<\/div><h2 class=\"tabtitle\">Calendar<\/h2>\n<div class=\"tabcontent\">\n\n<h2>2023-2024 Parent Engagement Events &amp; Activities<\/h2>\n<p>To download the 2023-2024 Parent Engagement Events &amp; Activities Calendar, please <a href=\"https:\/\/www.leapacademycharter.org\/wp-content\/uploads\/2023\/08\/K-11-Calendar-0817.pdf\">click here.<\/a><br \/>\n<div class=\"tribe-events-title-bar\">\n\n    <!-- Month Title -->\n    <h1 style=\"text-align: center\" class=\"tribe-events-page-title\">Eventos en abril 2026<\/h1>\n\n<\/div>\n\n<div id=\"tribe-events-content\" class=\"tribe-events-month\">\n        <!-- Month Header -->\n        <div id=\"tribe-events-header\"  data-title=\"LEAP Academy University Charter School\" data-viewtitle=\"Eventos en abril 2026\" class=\"navigation top\">\n        <!-- Header Navigation -->\n        <div class=\"tribe-events-sub-nav\">\n    <div class=\"blk80%-lg blk85%-md blk90%-sm blk90%-xs blkgroup blkcenter\">\n        <a\n        href=\"https:\/\/www.leapacademycharter.org\/es\/events\/2026-03\/&#038;shortcode=bbc6c917\"\n        aria-label=\"Mes anterior\"\n        title=\"Mes anterior\"\n        data-js=\"tribe-events-view-link\"\n        rel=\"prev\"\n>\n    <span>&#171;<\/span> marzo<\/a>\n\n            <\/div>\n<\/div>\n    <\/div>\n    <!-- Month Title -->\n    \n    <div class=\"blk80%-lg blk85%-md blk90%-sm blk90%-xs blkgroup blkcenter content\">\n        <span class=\"tribe-events-list-separator-month\"><span\n                    class=\"\">Eventos durante abril 2026<\/span><\/span>\n\n        \n        <!-- Notices -->\n                    <div class=\"tribe-events-notices\">\n                <ul>\n                                            <li>No hay eventos programados.<\/li>\n                                    <\/ul>\n            <\/div>\n                <!-- #tribe-events-header -->\n        \n        <!-- Month Grid -->\n            <\/div>\n    <!-- Month Footer -->\n    \n    <!-- Footer Navigation -->\n    <!-- Month Header -->\n        <div id=\"tribe-events-header\"  data-title=\"LEAP Academy University Charter School\" data-viewtitle=\"Eventos en abril 2026\" class=\"navigation bottom\">\n        <!-- Header Navigation -->\n        <div class=\"tribe-events-sub-nav\">\n    <div class=\"blk80%-lg blk85%-md blk90%-sm blk90%-xs blkgroup blkcenter\">\n        <a\n        href=\"https:\/\/www.leapacademycharter.org\/es\/events\/2026-03\/&#038;shortcode=bbc6c917\"\n        aria-label=\"Mes anterior\"\n        title=\"Mes anterior\"\n        data-js=\"tribe-events-view-link\"\n        rel=\"prev\"\n>\n    <span>&#171;<\/span> marzo<\/a>\n\n            <\/div>\n<\/div>\n    <\/div>\n\n<\/div><!-- #tribe-events-content -->\n<script data-js='tribe-events-view-nonce-data' type='application\/json'>{\"tvn1\":\"968a8d7132\",\"tvn2\":\"\"}<\/script><\/p>\n<p><\/div><\/div><div class=\"responsive-tabs\">\n<h2 class=\"tabtitle\">Acerca del Centro<\/h2>\n<div class=\"tabcontent\">\n<\/p>\n<h2><span lang=\"ES-PR\">Servicios integrales para los padres de LEAP<\/span><\/h2>\n<p>Los padres son el n\u00facleo de la labor de la Academia LEAP. Han participado como nuestros socios desde el inicio de la escuela y contin\u00faan participando en varias capacidades, tales como miembros de la Junta, el personal y voluntarios. Los padres de LEAP tienen acceso a una variedad de servicios todos orientados hacia la creaci\u00f3n de un cuerpo de padres informados, empoderados y comprometidos.<\/p>\n<p>Capacitaci\u00f3n de liderazgo, posiciones de liderazgo con el Consejo de Padres y oportunidades para servir en la Junta de S\u00edndicos de la escuela. Oportunidades para participar en la promoci\u00f3n de temas de importancia para la escuela y la comunidad, oportunidades de voluntariado, conferencias de padres-maestros, aprovechar recursos y servicios para la escuela. La Academia de Padres a trav\u00e9s de los Centros de Excelencia de Rutgers, el acceso a formaci\u00f3n y desarrollo profesional, conexi\u00f3n con programas y servicios y oportunidades de networking. Salud y bienestar, asesor\u00eda y las intervenciones de apoyo familiar.<\/p>\n\n<\/div><h2 class=\"tabtitle\">Mensaje de la Directora<\/h2>\n<div class=\"tabcontent\">\n\n<h2>\u00a1Bienvenidos al Centro de Participaci\u00f3n de Padres de la Academia LEAP!<\/h2>\n<p>Involucrar a nuestros padres es el punto central de la misi\u00f3n de la Academia LEAP. Estamos comprometidos a trabajar con todas nuestras familias y a proveer a nuestros padres con un sinn\u00famero de programas y oportunidades. Nuestra visi\u00f3n es proporcionar a todos los padres la oportunidad de participar significativamente en la educaci\u00f3n de sus hijos, fortalecer su vida en el hogar, convertirse en miembros activos de la comunidad y transformar las vidas de sus hijos y sus propias trayectorias. Nuestra cartera de programas incluye oportunidades para que los padres se ofrezcan como voluntarios de diversas maneras en las escuelas; programas orientados a mejorar las opciones educativas y de carrera para los padres, incluyendo programas universitarios y de preparaci\u00f3n para el trabajo; prestar servicios de apoyo y conectar a las familias con oportunidades en la comunidad; asegurar que cada unidad en la escuela tenga un \u00e1ngulo de compromiso parental, para que la voz de los padres est\u00e9 presente en todos los niveles; y celebrar el \u00e9xito y las contribuciones de nuestras familias. Las familias son la espina dorsal de nuestra escuela y nuestros padres contribuyen a la sostenibilidad y la relevancia de nuestra misi\u00f3n. Esta es la raz\u00f3n para llamar a nuestros padres, los &#8220;Vigilantes de la Misi\u00f3n de LEAP&#8221;.<\/p>\n<p>Este a\u00f1o, nuestros padres participaron en m\u00e1s de 90 eventos escolares y completaron m\u00e1s de 9,000 horas como padres voluntarios. El Centro de Participaci\u00f3n de Padres de la Academia LEAP est\u00e1 presente en cada uno de los edificios que componen nuestro distrito y trabaja con los directores para asegurar que defendemos las necesidades de nuestras familias. \u00a1Nuestros padres son nuestros socios! \u00a1Les agradecemos por elegir a la Academia LEAP!<\/p>\n<p><strong>Maria Cruz<\/strong><\/p>\n\n<\/div><h2 class=\"tabtitle\">Equipo de Trabajo<\/h2>\n<div class=\"tabcontent\">\n\n<h2>Padres involucrados son la clave para mejores estudiantes<\/h2>\n<p>Los padres son el n\u00facleo de la labor de la Academia LEAP. Han participado como socios desde el inicio de la escuela y contin\u00faan participando en varias capacidades, como miembros de la Junta, el personal y voluntarios.<\/p>\n<div class=\"staff-list\"><div class=\"staff-member\"><h2>Maria Cruz<\/h2><h3>Centro de Participaci\u00f3n de Padres de la Academia LEAP<\/h3><a href=\"tel:1-856-614-5084\" class=\"readmore\">856-614-5084<\/a><a href=\"mailto:mcruz@leap.rutgers.edu\" class=\"readmore\">mcruz@leap.rutgers.edu<\/a><\/div><\/div>\n<p><div class=\"staff-accordion parents\"><\/div><br \/>\n\n<\/div><h2 class=\"tabtitle\">Recursos<\/h2>\n<div class=\"tabcontent\">\n<\/p>\n<h2>Padres involucrados son la clave para mejores estudiantes<\/h2>\n<p>Parents are at the core of the work of the LEAP Academy. They have been engaged from the inception of the School as partners and continue to be engaged in various capacities, as board members, staff and volunteers.<\/p>\n<h2>Enlaces Importantes<\/h2>\n<p><a class=\"readmore\" href=\"https:\/\/www.myschoolbucks.com\">MySchool Bucks<\/a><br \/>\n<h2>Recursos para Padres<\/h2><ul class=\"resources-minutes-list\"><li><a class=\"readmore\" href=\"https:\/\/www.leapacademycharter.org\/wp-content\/uploads\/2024\/10\/LEAP-Blue-And-Pink-Laundry-Flyer-Version-1.pdf\">FREE LAUNDRY PROGRAM FOR FAMILIES<\/a><\/li><li><a class=\"readmore\" href=\"https:\/\/www.leapacademycharter.org\/wp-content\/uploads\/2022\/09\/Family-Handbook-202-2023.pdf\">(English) Parent Student Handbook 2022-2023<\/a><\/li><li><a class=\"readmore\" href=\"https:\/\/www.leapacademycharter.org\/wp-content\/uploads\/2021\/08\/Title-1-parental-engagement-policy17688.pdf\">(English) Title 1 Part A Parent Engagement Policy<\/a><\/li><li><a class=\"readmore\" href=\"https:\/\/www.leapacademycharter.org\/wp-content\/uploads\/2021\/08\/Title-1-Parent-Compact-Letter-August-2021.pdf\">(English) Title 1 Parent Compact Letter English Plus Policy<\/a><\/li><li><a class=\"readmore\" href=\"https:\/\/www.leapacademycharter.org\/wp-content\/uploads\/2021\/08\/Title-1-Parent-Compact-Letter-in-Spanish-LEAP.pdf\">(English) Title 1 Parent Compact Letter  Spanish<\/a><\/li><li><a class=\"readmore\" href=\"https:\/\/www.leapacademycharter.org\/wp-content\/uploads\/2021\/08\/Title-I-Parents-Right-to-know-letter-ENG.pdf\">(English) Title 1 Parents Right to Know Letter English<\/a><\/li><li><a class=\"readmore\" href=\"https:\/\/www.leapacademycharter.org\/wp-content\/uploads\/2021\/08\/Title-I-Parents-Right-to-know-letter-SPAN.pdf\">(English) Title 1 Parents Right to Know Letter Spanish<\/a><\/li><li><a class=\"readmore\" href=\"https:\/\/www.leapacademycharter.org\/wp-content\/uploads\/2021\/08\/Title-1-parent-meeting-letter-ENG-policy.pdf\">(English) Title 1 Part A Annual Parent Meeting Flyer<\/a><\/li><li><a class=\"readmore\" href=\"https:\/\/www.leapacademycharter.org\/wp-content\/uploads\/2021\/08\/LEAP-Title-1A-Parent-Meeting-participation-form.pdf\">(English) Title 1 Part A Annual Parent Meeting Permission Form<\/a><\/li><li><a class=\"readmore\" href=\"https:\/\/www.youtube.com\/watch?v=IxqgmZLZ038&feature=youtu.be\">(English) Instructional Video for Mixed Method Mode of Instruction<\/a><\/li><li><a class=\"readmore\" href=\"https:\/\/www.leapacademycharter.org\/wp-content\/uploads\/2021\/01\/Parental-Notification-of-Assessments01062021.pdf\">(English) Parental Notification Assessments<\/a><\/li><li><a class=\"readmore\" href=\"https:\/\/www.leapacademycharter.org\/wp-content\/uploads\/2020\/10\/Return-to-School.pdf\">(English) Back to School a Guide for Students<\/a><\/li><li><a class=\"readmore\" href=\"https:\/\/www.leapacademycharter.org\/leap-prepares-to-receive-students-in-october-5th-learn-about-the-schools-preparedness\/\">(English) LEAP prepares to receive students in October 5th \u2013 Learn about the school\u2019s preparedness<\/a><\/li><li><a class=\"readmore\" href=\"https:\/\/www.leapacademycharter.org\/webinar-families-learn-with-leap\/\">(English) LEAP Families Virtual Webinars<\/a><\/li><li><a class=\"readmore\" href=\"https:\/\/www.smore.com\/jkfs1\">(English) LEAP Hispanic Heritage Month Resources<\/a><\/li><li><a class=\"readmore\" href=\"\">(English) Uniform Information for 2020-2021<\/a><\/li><li><a class=\"readmore\" href=\"https:\/\/www.leapacademycharter.org\/wp-content\/uploads\/2017\/05\/LEAP-Academy_Remote-Learning_Closure-Plan_May_22_2020.pdf\">(English) Remote Learning & Public Health-Related School Closure Plan<\/a><\/li><li><a class=\"readmore\" href=\"https:\/\/ussoccerfoundation.org\/uploads\/sites\/1\/pdf\/SoccerForSuccessAtHome_Flyer_V8English_.pdf\">(English) Let'sAt home activities Take a Brain Break | Soccer for Success at Home<\/a><\/li><li><a class=\"readmore\" href=\"https:\/\/www.leapacademycharter.org\/wp-content\/uploads\/2020\/05\/Parent-letter-Coronavirus-closure-English-Spanish-5-4-2020.pdf\">Carta importante acerca del cierre de la escuela for el resto del ano escolar 2019-2020 devido a el COVID 19.<\/a><\/li><li><a class=\"readmore\" href=\"https:\/\/www.leapacademycharter.org\/wp-content\/uploads\/2020\/05\/Parent-letter-Coronavirus-closure-English-Spanish-5-4-2020.pdf\">(English) Important letter about the closure of the school for the rest of the school year 2019-2020 due to COVID 19.<\/a><\/li><li><a class=\"readmore\" href=\"https:\/\/www.leapacademycharter.org\/wp-content\/uploads\/2020\/05\/20-Ways-to-Build-Resilience-at-Home.pdf\">(English) 20 Ways to Build Resilience at Home<\/a><\/li><li><a class=\"readmore\" href=\"https:\/\/www.nj.gov\/dcf\/coronavirus_licensedchildcare.html\">(English) COVID-19 Resources for Licensed Childcare<\/a><\/li><li><a class=\"readmore\" href=\"https:\/\/www.leapacademycharter.org\/wp-content\/uploads\/2020\/03\/Parent-letter_school-closure_March-26.pdf\">(English) Memo to parents on School Closure, Remote Learning and Extended Day cancellation<\/a><\/li><li><a class=\"readmore\" href=\"https:\/\/www.leapacademycharter.org\/wp-content\/uploads\/2020\/03\/LEAP-Academy-University-Charter-School-corona-virus-preparedness-plan-march-12-20206406.pdf\">(English) LEAP Academy Preparedness Plan for Addressing Coronavirus Disease (COVID-19)<\/a><\/li><li><a class=\"readmore\" href=\"https:\/\/www.leapacademycharter.org\/wp-content\/uploads\/2020\/03\/pandemic_flu_parents_guide_helping_families_cope_pandemic_flu.pdf\">(English) Pandemic Flu Fact Sheet Parents's Guide to Helping Families Cope with a Pandemic Flu<\/a><\/li><li><a class=\"readmore\" href=\"https:\/\/www.leapacademycharter.org\/wp-content\/uploads\/2020\/03\/pandemic_flu_parents_guide_helping_families_cope_pandemic_flu_sp.pdf\">(English) Influenza Pandemica Guia de los Padres para ayudar a las familias a Enfrentar la Influenza Pandemica<\/a><\/li><li><a class=\"readmore\" href=\"https:\/\/www.leapacademycharter.org\/wp-content\/uploads\/2020\/03\/LEAP-Corona-Virus-Full-Plan.pdf\">(English) Pandemic Crisis Plan LEAP Academy Charter School (Emergency Plan)<\/a><\/li><li><a class=\"readmore\" href=\"https:\/\/www.nj.gov\/education\/topics\/COVID19%20Frequently%20Asked%20Questions%20(FAQ)%20Related%20to%20School%20Emergency%20Preparedness%20Plans.pdf\">(English) New Jersey Department of Education Updates and Frequently Asked Questions Related to COVID-19 School Closures (Updated: March 17, 2020  This guidance will be updated regularly during COVID-19 school closures.)<\/a><\/li><li><a class=\"readmore\" href=\"https:\/\/www.leapacademycharter.org\/wp-content\/uploads\/2019\/10\/Form-357-LEAP-Academy-Wellness-Policy-Assessment-Tool_10-15-193905.pdf\">(English) LEAP Academy Wellness Policy Assessment Tool<\/a><\/li><\/ul><\/p>\n\n<\/div><h2 class=\"tabtitle\">Calendario<\/h2>\n<div class=\"tabcontent\">\n\n<h2>Actividades y Eventos de Participaci\u00f3n de Padres para el A\u00f1o 2023-2024<\/h2>\n<p>Para descargar el calendario de Actividades y Eventos de Participaci\u00f3n de Padres para el A\u00f1o 2023-2024, por favor <a href=\"https:\/\/www.leapacademycharter.org\/wp-content\/uploads\/2023\/08\/K-11-Calendar-0817.pdf\">haga clic aqu\u00a1.<\/a><br \/>\n<div class=\"tribe-events-title-bar\">\n\n    <!-- Month Title -->\n    <h1 style=\"text-align: center\" class=\"tribe-events-page-title\">Eventos en abril 2026<\/h1>\n\n<\/div>\n\n<div id=\"tribe-events-content\" class=\"tribe-events-month\">\n        <!-- Month Header -->\n        <div id=\"tribe-events-header\"  data-title=\"LEAP Academy University Charter School\" data-viewtitle=\"Eventos en abril 2026\" class=\"navigation top\">\n        <!-- Header Navigation -->\n        <div class=\"tribe-events-sub-nav\">\n    <div class=\"blk80%-lg blk85%-md blk90%-sm blk90%-xs blkgroup blkcenter\">\n        <a\n        href=\"https:\/\/www.leapacademycharter.org\/es\/events\/2026-03\/&#038;shortcode=bbc6c917\"\n        aria-label=\"Mes anterior\"\n        title=\"Mes anterior\"\n        data-js=\"tribe-events-view-link\"\n        rel=\"prev\"\n>\n    <span>&#171;<\/span> marzo<\/a>\n\n            <\/div>\n<\/div>\n    <\/div>\n    <!-- Month Title -->\n    \n    <div class=\"blk80%-lg blk85%-md blk90%-sm blk90%-xs blkgroup blkcenter content\">\n        <span class=\"tribe-events-list-separator-month\"><span\n                    class=\"\">Eventos durante abril 2026<\/span><\/span>\n\n        \n        <!-- Notices -->\n                    <div class=\"tribe-events-notices\">\n                <ul>\n                                            <li>No hay eventos programados.<\/li>\n                                    <\/ul>\n            <\/div>\n                <!-- #tribe-events-header -->\n        \n        <!-- Month Grid -->\n            <\/div>\n    <!-- Month Footer -->\n    \n    <!-- Footer Navigation -->\n    <!-- Month Header -->\n        <div id=\"tribe-events-header\"  data-title=\"LEAP Academy University Charter School\" data-viewtitle=\"Eventos en abril 2026\" class=\"navigation bottom\">\n        <!-- Header Navigation -->\n        <div class=\"tribe-events-sub-nav\">\n    <div class=\"blk80%-lg blk85%-md blk90%-sm blk90%-xs blkgroup blkcenter\">\n        <a\n        href=\"https:\/\/www.leapacademycharter.org\/es\/events\/2026-03\/&#038;shortcode=bbc6c917\"\n        aria-label=\"Mes anterior\"\n        title=\"Mes anterior\"\n        data-js=\"tribe-events-view-link\"\n        rel=\"prev\"\n>\n    <span>&#171;<\/span> marzo<\/a>\n\n            <\/div>\n<\/div>\n    <\/div>\n\n<\/div><!-- #tribe-events-content -->\n<script data-js='tribe-events-view-nonce-data' type='application\/json'>{\"tvn1\":\"968a8d7132\",\"tvn2\":\"\"}<\/script><br \/>\n<\/div><\/div><\/p>","protected":false},"excerpt":{"rendered":"<p>Servicios integrales para los padres de LEAP Los padres son el n\u00facleo de la labor de la Academia<\/p>\n","protected":false},"author":2,"featured_media":5061,"parent":0,"menu_order":0,"comment_status":"closed","ping_status":"closed","template":"","meta":{"_acf_changed":false,"give_campaign_id":0,"footnotes":""},"class_list":["post-39","page","type-page","status-publish","has-post-thumbnail","hentry"],"acf":[],"aioseo_notices":[],"campaignId":"","_links":{"self":[{"href":"https:\/\/www.leapacademycharter.org\/es\/wp-json\/wp\/v2\/pages\/39","targetHints":{"allow":["GET"]}}],"collection":[{"href":"https:\/\/www.leapacademycharter.org\/es\/wp-json\/wp\/v2\/pages"}],"about":[{"href":"https:\/\/www.leapacademycharter.org\/es\/wp-json\/wp\/v2\/types\/page"}],"author":[{"embeddable":true,"href":"https:\/\/www.leapacademycharter.org\/es\/wp-json\/wp\/v2\/users\/2"}],"replies":[{"embeddable":true,"href":"https:\/\/www.leapacademycharter.org\/es\/wp-json\/wp\/v2\/comments?post=39"}],"version-history":[{"count":106,"href":"https:\/\/www.leapacademycharter.org\/es\/wp-json\/wp\/v2\/pages\/39\/revisions"}],"predecessor-version":[{"id":9546,"href":"https:\/\/www.leapacademycharter.org\/es\/wp-json\/wp\/v2\/pages\/39\/revisions\/9546"}],"wp:featuredmedia":[{"embeddable":true,"href":"https:\/\/www.leapacademycharter.org\/es\/wp-json\/wp\/v2\/media\/5061"}],"wp:attachment":[{"href":"https:\/\/www.leapacademycharter.org\/es\/wp-json\/wp\/v2\/media?parent=39"}],"curies":[{"name":"wp","href":"https:\/\/api.w.org\/{rel}","templated":true}]}}