{"id":41,"date":"2017-05-26T18:58:44","date_gmt":"2017-05-26T18:58:44","guid":{"rendered":"https:\/\/www.leapacademycharter.org\/?page_id=41"},"modified":"2024-07-25T14:36:46","modified_gmt":"2024-07-25T18:36:46","slug":"schools","status":"publish","type":"page","link":"https:\/\/www.leapacademycharter.org\/es\/schools\/","title":{"rendered":"Escuelas LEAP"},"content":{"rendered":"<p>Conozca Mas<\/span><\/div><\/div><\/a><\/div><div class=\"school blkgroup\"><a href=\"https:\/\/www.leapacademycharter.org\/es\/schools\/lower-elementary\/\"><img decoding=\"async\" class=\"xs-hide\" src=\"https:\/\/www.leapacademycharter.org\/wp-content\/uploads\/2017\/05\/Lower-School-1x1.jpg\" alt=\"\" \/><img decoding=\"async\" class=\"hide xs-show\" src=\"https:\/\/www.leapacademycharter.org\/wp-content\/uploads\/2017\/05\/Lower-School-3x2.jpg\" alt=\"\" \/><div class=\"content\"><div class=\"text\"><h3>Escuela Elemental<\/h3><p>Grados del K al 3<\/p><span class=\"readmore\">Conozca Mas<\/span><\/div><\/div><\/a><\/div><div class=\"school blkgroup\"><a href=\"https:\/\/www.leapacademycharter.org\/es\/schools\/upper-elementary\/\"><img decoding=\"async\" class=\"xs-hide\" src=\"https:\/\/www.leapacademycharter.org\/wp-content\/uploads\/2017\/05\/Upper-Elementary-1x1.jpg\" alt=\"\" \/><img decoding=\"async\" class=\"hide xs-show\" src=\"https:\/\/www.leapacademycharter.org\/wp-content\/uploads\/2017\/05\/Upper-Elementary-3x2.jpg\" alt=\"\" \/><div class=\"content\"><div class=\"text\"><h3>Escuela Elemental Superior<\/h3><p>Grados 4 al 6<\/p><span class=\"readmore\">Conozca Mas<\/span><\/div><\/div><\/a><\/div><div class=\"school blkgroup\"><a href=\"https:\/\/www.leapacademycharter.org\/es\/schools\/intermediate\/\"><img decoding=\"async\" class=\"xs-hide\" src=\"https:\/\/www.leapacademycharter.org\/wp-content\/uploads\/2017\/05\/Intermediate-1x1.jpg\" alt=\"\" \/><img decoding=\"async\" class=\"hide xs-show\" src=\"https:\/\/www.leapacademycharter.org\/wp-content\/uploads\/2017\/05\/Intermediate-3x2.jpg\" alt=\"\" \/><div class=\"content\"><div class=\"text\"><h3>Escuela Intermedia<\/h3><p>Grados del 6 al 8<\/p><span class=\"readmore\">Conozca Mas<\/span><\/div><\/div><\/a><\/div><div class=\"school blkgroup\"><a href=\"https:\/\/www.leapacademycharter.org\/es\/schools\/high-school\/\"><img decoding=\"async\" class=\"xs-hide\" src=\"https:\/\/www.leapacademycharter.org\/wp-content\/uploads\/2023\/07\/HSchool031x1.jpg\" alt=\"\" \/><img decoding=\"async\" class=\"hide xs-show\" src=\"https:\/\/www.leapacademycharter.org\/wp-content\/uploads\/2017\/05\/HSchool03-3x2.jpg\" alt=\"\" \/><div class=\"content\"><div class=\"text\"><h3>Escuela Secundaria<\/h3><p>Grades 9 through 12<\/p><span class=\"readmore\">Conozca Mas<\/span><\/div><\/div><\/a><\/div><div class=\"school blkgroup\"><a href=\"https:\/\/www.leapacademycharter.org\/es\/schools\/leap-steam-e-academy-of-san-juan\/\"><img decoding=\"async\" class=\"xs-hide\" src=\"https:\/\/www.leapacademycharter.org\/wp-content\/uploads\/2023\/07\/Leap_SchoolCategoryPage_1x1.jpg\" alt=\"\" \/><img decoding=\"async\" class=\"hide xs-show\" src=\"https:\/\/www.leapacademycharter.org\/wp-content\/uploads\/2023\/07\/Leap_SchoolCategoryPage_3x2.jpg\" alt=\"\" \/><div class=\"content\"><div class=\"text\"><h3>LEAP STEAM + E Academy of San Juan<\/h3><p>Kindergarten - 9th Grade<\/p><span class=\"readmore\">Conozca Mas<\/span><\/div><\/div><\/a><\/div><\/div><\/div>\n<p>&nbsp;<\/p>\n<p>Serving students in grades K-12, the schools are divided into 4 sites, each serving a cluster of grades: K-3, 4-6, 7-8, and 9-12. \u00a0 Grade clustering provides for a sharp focus on the specific developmental and academic needs of each student. Teams of faculty work together vertically and horizontally to ensure continuity, proper progression of teaching, and learning, and articulation across grade levels. This kind of alignment is critical to sustaining a solid, rigorous and sustainable educational pipeline through 12th grade and beyond.<\/p>\n<p>The academic program is anchored on multi-disciplinary collaborations that are supported by opportunities for students to engage in active, integrated and self-directed learning across grade levels.<\/p>\n<p>LEAP schools are located within Camden\u2019s \u201cEducation Corridor\u201d, which also features campuses for Rutgers University, Rowan University, and Camden County College. The location of LEAP among three institutions of higher education allows for Camden children to start their education in infancy at the Early Learning Research Academy, proceed to the LEAP Academy, and transition to higher education all along Cooper Street in Camden, NJ.<\/p>\n<p>The partnerships with our neighboring institutions of higher education extend academic alignment to college by affording students the opportunity to take courses in a university college as part of their academic program and for LEAP teachers and staff to work with college faculty to align instruction in ways that lead to an effective transition from high school to college.<\/p>\n<div class=\"blk80%-lg blk85%-md blk90%-sm blk90%-xs blkgroup blkcenter\">\n<h2>Just because it\u2019s summertime does not mean we get a break from working towards our future success!<\/h2>\n<p><img decoding=\"async\" class=\"alignnone\" src=\"https:\/\/www.leapacademycharter.org\/wp-content\/uploads\/2022\/09\/robotics2-1024x440-1.jpg\" alt=\"\" \/><\/p>\n<p>The Gifted and Talented Explorers program (GATE) will be providing enrichment for our especially bright students throughout the month of July including introducing our young scholars to the many tools and machines in the Fabrication Lab, and exploring our own identities as citizens of Camden and the world.<br \/>\nFreshman students will receive enrichment through various Mathematics and Literacy instruction provided by the middle school team. Junior students actively work towards preparing their college applications throughout the summer before their senior year.<\/p>\n<p>The Center for College Access is open and available to all students, and especially our junior students for working on their cover letters, resumes, and personal statements. Students are welcome to drop in to use a computer for a few hours or schedule time with a member of the College Access staff to work one-on-one on their applications.<\/p>\n<\/div>\n<p><\/p>\n<h2>Educaci\u00f3n STEAM para estudiantes en Camden, NJ<\/h2>\n<p>La Academia LEAP provee una educaci\u00f3n preparatoria para la Universidad con un \u00e9nfasis en las \u00e1reas de contenido de Ciencias, Tecnolog\u00eda, Ingenier\u00eda, Artes y Matem\u00e1ticas (STEAM, por sus siglas en ingl\u00e9s). El programa acad\u00e9mico de la escuela est\u00e1 anclado en colaboraciones multidisciplinarias que son apoyadas por oportunidades para que los estudiantes participen del aprendizaje activo, integrado y autodirigido a trav\u00e9s de los niveles de grado.<\/p>\n<h3><strong>Cada una de nuestras escuelas ofrece<\/strong>:<\/h3>\n<ul>\n<li>D\u00eda Extendido y A\u00f1o Escolar Extendido.<\/li>\n<li>Una oficina de Acceso a la Universidad, cuyos servicios se centran en el apoyo acad\u00e9mico y la preparaci\u00f3n para la entrada a la Universidad.<\/li>\n<li>Programas de artes y atletismo.<\/li>\n<li>Acceso a computadoras y tecnolog\u00eda con conexi\u00f3n inal\u00e1mbrica (Wifi).<\/li>\n<li>Espacio para que los padres visiten y participen.<\/li>\n<li>Personal para apoyar a los estudiantes con consejer\u00eda y servicios socio-emocionales.<\/li>\n<li>Un fuerte car\u00e1cter y programas de desarrollo de liderazgo para asegurar que los estudiantes desarrollen habilidades no-cognitivas importantes y responsabilidad c\u00edvica.<\/li>\n<li>Programas extendidos de enriquecimiento y tutor\u00edas despu\u00e9s de la escuela.<\/li>\n<li>Programaci\u00f3n de Verano.<\/li>\n<\/ul>\n<div class=\"schools\"><div class=\"school-list cf\"><div class=\"school blkgroup\"><a href=\"https:\/\/www.leapacademycharter.org\/es\/schools\/early-learning-academy\/\"><img decoding=\"async\" class=\"xs-hide\" src=\"https:\/\/www.leapacademycharter.org\/wp-content\/uploads\/2017\/05\/ELRA-1x1.jpg\" alt=\"\" \/><img decoding=\"async\" class=\"hide xs-show\" src=\"https:\/\/www.leapacademycharter.org\/wp-content\/uploads\/2017\/05\/ELRA-3x2-1.jpg\" alt=\"\" \/><div class=\"content\"><div class=\"text\"><h3>Academia para la Investigaci\u00f3n del Aprendizaje Temprano<\/h3><p>Ages 8 weeks through 5 years<\/p><span class=\"readmore\">Conozca Mas<\/span><\/div><\/div><\/a><\/div><div class=\"school blkgroup\"><a href=\"https:\/\/www.leapacademycharter.org\/es\/schools\/lower-elementary\/\"><img decoding=\"async\" class=\"xs-hide\" src=\"https:\/\/www.leapacademycharter.org\/wp-content\/uploads\/2017\/05\/Lower-School-1x1.jpg\" alt=\"\" \/><img decoding=\"async\" class=\"hide xs-show\" src=\"https:\/\/www.leapacademycharter.org\/wp-content\/uploads\/2017\/05\/Lower-School-3x2.jpg\" alt=\"\" \/><div class=\"content\"><div class=\"text\"><h3>Escuela Elemental<\/h3><p>Grados del K al 3<\/p><span class=\"readmore\">Conozca Mas<\/span><\/div><\/div><\/a><\/div><div class=\"school blkgroup\"><a href=\"https:\/\/www.leapacademycharter.org\/es\/schools\/upper-elementary\/\"><img decoding=\"async\" class=\"xs-hide\" src=\"https:\/\/www.leapacademycharter.org\/wp-content\/uploads\/2017\/05\/Upper-Elementary-1x1.jpg\" alt=\"\" \/><img decoding=\"async\" class=\"hide xs-show\" src=\"https:\/\/www.leapacademycharter.org\/wp-content\/uploads\/2017\/05\/Upper-Elementary-3x2.jpg\" alt=\"\" \/><div class=\"content\"><div class=\"text\"><h3>Escuela Elemental Superior<\/h3><p>Grados 4 al 6<\/p><span class=\"readmore\">Conozca Mas<\/span><\/div><\/div><\/a><\/div><div class=\"school blkgroup\"><a href=\"https:\/\/www.leapacademycharter.org\/es\/schools\/intermediate\/\"><img decoding=\"async\" class=\"xs-hide\" src=\"https:\/\/www.leapacademycharter.org\/wp-content\/uploads\/2017\/05\/Intermediate-1x1.jpg\" alt=\"\" \/><img decoding=\"async\" class=\"hide xs-show\" src=\"https:\/\/www.leapacademycharter.org\/wp-content\/uploads\/2017\/05\/Intermediate-3x2.jpg\" alt=\"\" \/><div class=\"content\"><div class=\"text\"><h3>Escuela Intermedia<\/h3><p>Grados del 6 al 8<\/p><span class=\"readmore\">Conozca Mas<\/span><\/div><\/div><\/a><\/div><div class=\"school blkgroup\"><a href=\"https:\/\/www.leapacademycharter.org\/es\/schools\/high-school\/\"><img decoding=\"async\" class=\"xs-hide\" src=\"https:\/\/www.leapacademycharter.org\/wp-content\/uploads\/2023\/07\/HSchool031x1.jpg\" alt=\"\" \/><img decoding=\"async\" class=\"hide xs-show\" src=\"https:\/\/www.leapacademycharter.org\/wp-content\/uploads\/2017\/05\/HSchool03-3x2.jpg\" alt=\"\" \/><div class=\"content\"><div class=\"text\"><h3>Escuela Secundaria<\/h3><p>Grades 9 through 12<\/p><span class=\"readmore\">Conozca Mas<\/span><\/div><\/div><\/a><\/div><div class=\"school blkgroup\"><a href=\"https:\/\/www.leapacademycharter.org\/es\/schools\/leap-steam-e-academy-of-san-juan\/\"><img decoding=\"async\" class=\"xs-hide\" src=\"https:\/\/www.leapacademycharter.org\/wp-content\/uploads\/2023\/07\/Leap_SchoolCategoryPage_1x1.jpg\" alt=\"\" \/><img decoding=\"async\" class=\"hide xs-show\" src=\"https:\/\/www.leapacademycharter.org\/wp-content\/uploads\/2023\/07\/Leap_SchoolCategoryPage_3x2.jpg\" alt=\"\" \/><div class=\"content\"><div class=\"text\"><h3>LEAP STEAM + E Academy of San Juan<\/h3><p>Kindergarten - 9th Grade<\/p><span class=\"readmore\">Conozca Mas<\/span><\/div><\/div><\/a><\/div><\/div><\/div>\n<p>Sirviendo a los estudiantes en los grados del K al 12, las escuelas se dividen entre 4 edificios, cada uno sirviendo un nivel de grado:&nbsp;&nbsp; K-3, 4-6, 7-8, y 9-12. &nbsp; La articulaci\u00f3n por niveles de grado permite un claro enfoque en las necesidades espec\u00edficas de desarrollo y acad\u00e9micas de cada estudiante. Los equipos de profesores trabajan juntos vertical y horizontalmente para asegurar la continuidad, la progresi\u00f3n apropiada de la ense\u00f1anza, y el aprendizaje, y la articulaci\u00f3n a trav\u00e9s de niveles de grado. Este tipo de alineaci\u00f3n es fundamental para sostener una v\u00eda \u00fanica educativa s\u00f3lida, rigurosa y sostenible hasta el grado 12 y m\u00e1s all\u00e1.<\/p>\n<p>El programa acad\u00e9mico est\u00e1 anclado en colaboraciones multidisciplinarias que son apoyadas por oportunidades para que los estudiantes participen del aprendizaje activo, integrado y autodirigido a trav\u00e9s de los niveles de grado.<\/p>\n<p>Las escuelas LEAP est\u00e1n ubicadas dentro del &#8220;corredor educativo&#8221; de Camden, que tambi\u00e9n cuenta con el recinto local de la Universidad de Rutgers, la Universidad de Rowan y la Universidad del Condado de Camden. La ubicaci\u00f3n de la Academia LEAP entre estas tres instituciones de educaci\u00f3n superior permite a los ni\u00f1os de Camden iniciar su educaci\u00f3n desde la infancia en la Academia para la Investigaci\u00f3n del Aprendizaje Temprano (ELRA), continuar a lo largo de los niveles de grado en la Academia LEAP, y hacer su transici\u00f3n a la educaci\u00f3n superior, todo a lo largo de la calle Cooper en Camden, NJ.<\/p>\n<p>Las alianzas con nuestras instituciones vecinas de educaci\u00f3n superior ampl\u00edan la alineaci\u00f3n acad\u00e9mica con la Universidad. Permiten a los estudiantes la oportunidad de tomar cursos en un colegio universitario como parte de su programa acad\u00e9mico, y a los maestros y el personal de LEAP la oportunidad de trabajar con la Facultad de la Universidad para alinear la instrucci\u00f3n de maneras que conduzcan a una transici\u00f3n eficaz de la escuela secundaria a la Universidad.<\/p>\n<p>&nbsp;<\/p>","protected":false},"excerpt":{"rendered":"<p>Educaci\u00f3n STEAM para estudiantes en Camden, NJ La Academia LEAP provee una educaci\u00f3n preparatoria para la Universidad con<\/p>\n","protected":false},"author":2,"featured_media":8149,"parent":0,"menu_order":0,"comment_status":"closed","ping_status":"closed","template":"","meta":{"_acf_changed":false,"give_campaign_id":0,"footnotes":""},"class_list":["post-41","page","type-page","status-publish","has-post-thumbnail","hentry"],"acf":[],"aioseo_notices":[],"campaignId":"","_links":{"self":[{"href":"https:\/\/www.leapacademycharter.org\/es\/wp-json\/wp\/v2\/pages\/41","targetHints":{"allow":["GET"]}}],"collection":[{"href":"https:\/\/www.leapacademycharter.org\/es\/wp-json\/wp\/v2\/pages"}],"about":[{"href":"https:\/\/www.leapacademycharter.org\/es\/wp-json\/wp\/v2\/types\/page"}],"author":[{"embeddable":true,"href":"https:\/\/www.leapacademycharter.org\/es\/wp-json\/wp\/v2\/users\/2"}],"replies":[{"embeddable":true,"href":"https:\/\/www.leapacademycharter.org\/es\/wp-json\/wp\/v2\/comments?post=41"}],"version-history":[{"count":31,"href":"https:\/\/www.leapacademycharter.org\/es\/wp-json\/wp\/v2\/pages\/41\/revisions"}],"predecessor-version":[{"id":9184,"href":"https:\/\/www.leapacademycharter.org\/es\/wp-json\/wp\/v2\/pages\/41\/revisions\/9184"}],"wp:featuredmedia":[{"embeddable":true,"href":"https:\/\/www.leapacademycharter.org\/es\/wp-json\/wp\/v2\/media\/8149"}],"wp:attachment":[{"href":"https:\/\/www.leapacademycharter.org\/es\/wp-json\/wp\/v2\/media?parent=41"}],"curies":[{"name":"wp","href":"https:\/\/api.w.org\/{rel}","templated":true}]}}