{"id":49,"date":"2017-05-26T19:14:05","date_gmt":"2017-05-26T19:14:05","guid":{"rendered":"https:\/\/www.leapacademycharter.org\/?page_id=49"},"modified":"2023-03-31T14:27:50","modified_gmt":"2023-03-31T18:27:50","slug":"support-leap","status":"publish","type":"page","link":"https:\/\/www.leapacademycharter.org\/es\/apoye-a-leap\/","title":{"rendered":"Apoye a LEAP"},"content":{"rendered":"<p><\/p>\n<h2>Ayude a financiar nuestros innovadores programas, instalaciones, becas, crecimiento futuro y sostenibilidad<\/h2>\n<p>La Academia LEAP depende de subvenciones, alianzas y donaciones privadas para financiar su oferta acad\u00e9mica y programas de apoyo de la \u201cCuna a la Universidad\u201d para los estudiantes y sus familias.<\/p>\n<p>Cada d\u00f3lar donado a LEAP proporciona un apoyo importante que ayuda a financiar y mantener nuestros programas innovadores, instalaciones de aprendizaje de alta tecnolog\u00eda, excelencia entre nuestra facultad y personal, becas universitarias y planes futuros.<\/p>\n<p>Si usted desea hablar con un miembro del equipo de liderazgo de LEAP sobre el apoyo a nuestros programas, por favor comun\u00edquese con la doctora Gloria Bonilla-Santiago, Presidenta de la Junta de Directores. Aqu\u00ed est\u00e1 su informaci\u00f3n de contacto:<\/p>\n<p>Dr. Gloria Bonilla-Santiago<br \/>\nPresidenta de la Junta de Directores<br \/>\n856-225-6348<br \/>\n<a href=\"mailto:gloriab@camden.rutgers.edu\">gloriab@camden.rutgers.edu<\/a><\/p>\n<p>Please consider supporting LEAP. An investment in LEAP, is an investment on the future college and career trajectory of a student.&nbsp;To make a donation, please complete the form found below.<br \/>\n\t<div id=\"give-form-733-wrap\" class=\"give-form-wrap give-display-onpage give-recurring-form-wrap give-recurring-form-donor\">\n\t\t\t\t\t<form id=\"give-form-733-2\" class=\"give-form give-form-733 give-form-type-set give-recurring-form\" action=\"https:\/\/www.leapacademycharter.org\/es\/wp-json\/wp\/v2\/pages\/49\/?payment-mode=paypal&form-id=733\" data-id=\"733-2\" data-currency_symbol=\"&#36;\" data-currency_code=\"USD\" data-currency_position=\"before\" data-thousands_separator=\",\" data-decimal_separator=\".\" data-number_decimals=\"0\" method=\"post\">\n\t\t\t\t<!-- The following field is for robots only, invisible to humans: -->\n\t\t\t\t<span class=\"give-hidden\" style=\"display: none !important;\">\n\t\t\t\t\t<label for=\"give-form-honeypot-733\"><\/label>\n\t\t\t\t\t<input id=\"give-form-honeypot-733\" type=\"text\" name=\"give-honeypot\"\n\t\t\t\t\t\t   class=\"give-honeypot give-hidden\"\/>\n\t\t\t\t<\/span>\n\n\t\t\t\t\t<input type=\"hidden\" name=\"give-form-id-prefix\" value=\"733-2\"\/>\n\t<input type=\"hidden\" name=\"give-form-id\" value=\"733\"\/>\n\t<input type=\"hidden\" name=\"give-form-title\" value=\"Donate to Leap Academy\"\/>\n\t<input type=\"hidden\" name=\"give-current-url\" value=\"https:\/\/www.leapacademycharter.org\/es\/wp-json\/wp\/v2\/pages\/49\/\"\/>\n\t<input type=\"hidden\" name=\"give-form-url\" value=\"https:\/\/www.leapacademycharter.org\/es\/wp-json\/wp\/v2\/pages\/49\/\"\/>\n\t\t\t<input type=\"hidden\" name=\"give-form-minimum\"\n\t\t\t   value=\"1\"\/>\n\t\t<input type=\"hidden\" name=\"give-form-maximum\"\n\t\t\t   value=\"999999.99\"\/>\n\t\t<input type=\"hidden\"  name=\"give-form-hash\" value=\"73f6675a84\" data-time=\"1776576682\" data-nonce-life=\"86400\" data-donor-session=\"0\"\/>\t<input type=\"hidden\" name=\"give-recurring-logged-in-only\"\n\t\t   class=\"give-recurring-logged-in-only\"\n\t\t   value=\"\"\/>\n\n\t<input type=\"hidden\" name=\"give-logged-in-only\"\n\t\t   class=\"give-logged-in-only\"\n\t\t   value=\"1\"\/>\n<input\n\t\t\t\t\ttype=\"hidden\"\n\t\t\t\t\tname=\"_give_is_donation_recurring\"\n\t\t\t\t\tclass=\"_give_is_donation_recurring\"\n\t\t\t\t\tid=\"_give_is_donation_recurring\"\n\t\t\t\t\tvalue=\"0\"\n\t\t\t\t\tdata-_give_recurring=\"yes_donor\"\n\t\t\t\t\tdata-_give_checkbox_default=\"no\"\n                    data-_give_price_option=\"\"\n                \/><input\n\t\t\t\t\ttype=\"hidden\"\n\t\t\t\t\tname=\"give_recurring_donation_details\"\n\t\t\t\t\tclass=\"give_recurring_donation_details\"\n\t\t\t\t\tid=\"give_recurring_donation_details\"\n\t\t\t\t\tvalue=\"{&quot;give_recurring_option&quot;:&quot;yes_donor&quot;}\"\n                \/>\t\t<div class=\"give-total-wrap\">\n\t\t\t<div class=\"give-donation-amount form-row-wide\">\n\t\t\t\t<span class=\"give-currency-symbol give-currency-position-before\">&#036;<\/span>\t\t\t\t<label class=\"give-hidden\" for=\"give-amount\">Cantidad a donar:<\/label>\n\t\t\t\t<input class=\"give-text-input give-amount-top\" id=\"give-amount\" name=\"give-amount\" type=\"text\" inputmode=\"decimal\"\n\t\t\t\t\t   placeholder=\"\" value=\"100\" autocomplete=\"off\">\n\t\t\t\t\t\t\t<\/div>\n\t\t<\/div>\n\t\t\t<div class=\"give-recurring-donors-choice\">\n\t\t<input id=\"give--733\" class=\"give-recurring-period\" name=\"give-recurring-period\" type=\"checkbox\" data-period-label=\"Monthly\" data-period=\"month\" data-interval=\"1\"  \/> <label for=\"give--733\">Make this donation monthly<\/label>\t<\/div>\n\t\n\t<fieldset id=\"give-payment-mode-select\" style=\"display: none;\">\n\t\t\t\t<legend\n\t\t\tclass=\"give-payment-mode-label\">Seleccionar el m\u00e9todo de pago\t\t\t<span class=\"give-loading-text\"><span\n\t\t\t\t\tclass=\"give-loading-animation\"><\/span>\n\t\t\t<\/span>\n\t\t<\/legend>\n\n\t\t<div id=\"give-payment-mode-wrap\">\n\t\t\t\t\t\t<ul id=\"give-gateway-radio-list\">\n\t\t\t\t\t\t\t\t\t\t<li class=\"give-gateway-option-selected\">\n\t\t\t\t\t\t\t<input type=\"radio\" name=\"payment-mode\" class=\"give-gateway\"\n\t\t\t\t\t\t\t\t   id=\"give-gateway-paypal-733-2\"\n\t\t\t\t\t\t\t\t   value=\"paypal\" checked='checked'>\n\t\t\t\t\t\t\t<label for=\"give-gateway-paypal-733-2\"\n\t\t\t\t\t\t\t\t   class=\"give-gateway-option\"\n\t\t\t\t\t\t\t\t   id=\"give-gateway-option-paypal\"> PayPal<\/label>\n\t\t\t\t\t\t<\/li>\n\t\t\t\t\t\t\t\t\t<\/ul>\n\t\t\t\t\t<\/div>\n\t\t\t<\/fieldset>\n\n\t\n\t<div id=\"give_purchase_form_wrap\">\n\n\t\t\t\t<div id=\"give-checkout-login-register-733\">\n\t\t\t\t<fieldset id=\"give-register-fields-733\">\n\n\t\t<div class=\"form-row ffm-field-container\" data-field-type=\"text\" data-field-name=\"organization\" ><label class=\"give-label\" for=\"give-organization-733-7\">\n    Organization<\/label>\n<input\n    type=\"text\"\n    name=\"organization\"\n    placeholder=\"\"\n    id=\"give-organization-733-7\"\n    value=\"\"\n        \n    >\n<\/div><div class=\"form-row ffm-field-container\" data-field-type=\"text\" data-field-name=\"address\" ><label class=\"give-label\" for=\"give-address-733-8\">\n    Address    <span class=\"give-required-indicator\">\n\t\t<span aria-hidden=\"true\">*<\/span>\n\t\t<span class=\"screen-reader-text\">Requerido<\/span>\n\t<\/span>\n<\/label>\n<input\n    type=\"text\"\n    name=\"address\"\n    placeholder=\"\"\n    id=\"give-address-733-8\"\n    value=\"\"\n    required    \n    >\n<\/div><div class=\"form-row ffm-field-container\" data-field-type=\"text\" data-field-name=\"city\" ><label class=\"give-label\" for=\"give-city-733-9\">\n    City    <span class=\"give-required-indicator\">\n\t\t<span aria-hidden=\"true\">*<\/span>\n\t\t<span class=\"screen-reader-text\">Requerido<\/span>\n\t<\/span>\n<\/label>\n<input\n    type=\"text\"\n    name=\"city\"\n    placeholder=\"\"\n    id=\"give-city-733-9\"\n    value=\"\"\n    required    \n    >\n<\/div><div class=\"form-row ffm-field-container\" data-field-type=\"text\" data-field-name=\"state\" ><label class=\"give-label\" for=\"give-state-733-10\">\n    State    <span class=\"give-required-indicator\">\n\t\t<span aria-hidden=\"true\">*<\/span>\n\t\t<span class=\"screen-reader-text\">Requerido<\/span>\n\t<\/span>\n<\/label>\n<input\n    type=\"text\"\n    name=\"state\"\n    placeholder=\"\"\n    id=\"give-state-733-10\"\n    value=\"\"\n    required    \n    >\n<\/div><div class=\"form-row ffm-field-container\" data-field-type=\"text\" data-field-name=\"zip\" ><label class=\"give-label\" for=\"give-zip-733-11\">\n    Zip    <span class=\"give-required-indicator\">\n\t\t<span aria-hidden=\"true\">*<\/span>\n\t\t<span class=\"screen-reader-text\">Requerido<\/span>\n\t<\/span>\n<\/label>\n<input\n    type=\"text\"\n    name=\"zip\"\n    placeholder=\"\"\n    id=\"give-zip-733-11\"\n    value=\"\"\n    required    \n    >\n<\/div><div class=\"form-row ffm-field-container\" data-field-type=\"select\" data-field-name=\"country\" ><label class=\"give-label\" for=\"give-country-733-12\">\n    Country    <span class=\"give-required-indicator\">\n\t\t<span aria-hidden=\"true\">*<\/span>\n\t\t<span class=\"screen-reader-text\">Requerido<\/span>\n\t<\/span>\n<\/label>\n\n<select\n    name=\"country\"\n    id=\"give-country-733-12\"\n        required    >\n    <option value=\"\" disabled > - select -<\/option>                    <option\n                        selected        >\n            United States of America        <\/option>\n    <\/select>\n<\/div><div class=\"form-row ffm-field-container js-phone-domestic\" data-field-type=\"phone\" data-field-name=\"phone\" ><label class=\"give-label\" for=\"give-phone-733-13\">\n    Phone    <span class=\"give-required-indicator\">\n\t\t<span aria-hidden=\"true\">*<\/span>\n\t\t<span class=\"screen-reader-text\">Requerido<\/span>\n\t<\/span>\n<\/label>\n<input\n    type=\"tel\"\n    name=\"phone\"\n    placeholder=\"\"\n    id=\"give-phone-733-13\"\n    value=\"\"\n    required    \n    >\n<\/div>\t<fieldset id=\"give_checkout_user_info\" class=\"\">\n\t\t<legend>\n\t\t\tInformaci\u00f3n personal\t\t<\/legend>\n\n\t\t\n        <p id=\"give-first-name-wrap\" class=\"form-row form-row-first form-row-responsive\">\n            <label class=\"give-label\" for=\"give-first\">\n                Nombre                                    <span class=\"give-required-indicator\">*<\/span>\n                                <span class=\"give-tooltip hint--top hint--medium hint--bounce\" aria-label=\"El nombre se usa para personalizar tu registro de donaci\u00f3n.\" rel=\"tooltip\"><i class=\"give-icon give-icon-question\"><\/i><\/span>            <\/label>\n            <input\n                class=\"give-input required\"\n                type=\"text\"\n                name=\"give_first\"\n                autocomplete=\"given-name\"\n                placeholder=\"Nombre\"\n                id=\"give-first\"\n                value=\"\"\n                 required aria-required=\"true\"             \/>\n        <\/p>\n\n        <p id=\"give-last-name-wrap\" class=\"form-row form-row-last form-row-responsive\">\n            <label class=\"give-label\" for=\"give-last\">\n                Apellidos                                <span class=\"give-tooltip hint--top hint--medium hint--bounce\" aria-label=\"Los apellidos se usan para personalizar tu registro de donaci\u00f3n.\" rel=\"tooltip\"><i class=\"give-icon give-icon-question\"><\/i><\/span>            <\/label>\n\n            <input\n                class=\"give-input\"\n                type=\"text\"\n                name=\"give_last\"\n                autocomplete=\"family-name\"\n                id=\"give-last\"\n                placeholder=\"Apellidos\"\n                value=\"\"\n                            \/>\n        <\/p>\n\n        \n                <p id=\"give-email-wrap\" class=\"form-row form-row-wide\">\n            <label class=\"give-label\" for=\"give-email\">\n                Direcci\u00f3n de correo electr\u00f3nico                                    <span class=\"give-required-indicator\">*<\/span>\n                                    <span class=\"give-tooltip hint--top hint--medium hint--bounce\" aria-label=\"Enviaremos el recibo de la donaci\u00f3n a esta direcci\u00f3n.\" rel=\"tooltip\"><i class=\"give-icon give-icon-question\"><\/i><\/span>            <\/label>\n            <input\n                class=\"give-input required\"\n                type=\"email\"\n                name=\"give_email\"\n                autocomplete=\"email\"\n                placeholder=\"Direcci\u00f3n de correo electr\u00f3nico\"\n                id=\"give-email\"\n                value=\"\"\n                 required aria-required=\"true\"             \/>\n\n        <\/p>\n\n        \n\t\t\t\t\t<\/fieldset>\n\t\n\t\t<fieldset id=\"give-register-account-fields-733\">\n\t\t\t\n\t\t\t\t\t\t<div id=\"give-create-account-wrap-733\" class=\"form-row form-row-first form-row-responsive\">\n\t\t\t\t\t\t\t\t<input type=\"hidden\" id=\"give-create-account-733\" name=\"give_create_account\" class=\"give-input\" value=\"on\" checked \/>\n\t\t\t\t\t\t\t\t<input type=\"hidden\"  name=\"give-form-user-register-hash\" value=\"36026465b9\" data-time=\"1776576682\" data-nonce-life=\"86400\"\/>\t\t\t<\/div>\n\n\t\t\t\t\t\t\t<div class=\"give-login-account-wrap form-row form-row-last form-row-responsive\">\n\t\t\t\t\t<p class=\"give-login-message\">\u00bfYa tienes una cuenta?&nbsp;\n\t\t\t\t\t\t<a href=\"\/es\/wp-json\/wp\/v2\/pages\/49?login=1\" class=\"give-checkout-login\"\n\t\t\t\t\t\t   data-action=\"give_checkout_login\">Iniciar sesi\u00f3n<\/a>\n\t\t\t\t\t<\/p>\n\t\t\t\t\t<p class=\"give-loading-text\">\n\t\t\t\t\t\t<span class=\"give-loading-animation\"><\/span>\n\t\t\t\t\t<\/p>\n\t\t\t\t<\/div>\n\t\t\t\n\t\t\t\t\t<\/fieldset>\n\n\t\t\n\t\t<input type=\"hidden\" name=\"give-purchase-var\" value=\"needs-to-register\"\/>\n\n\t\t\n\t<\/fieldset>\n\t\t\t<\/div>\n\t\t\t<fieldset id=\"give_purchase_submit\" class=\"give-donation-submit\">\n\t\t\t<p id=\"give-final-total-wrap\" class=\"form-wrap \">\n\t\t\t\t<span class=\"give-donation-total-label\">\n\t\t\tTotal de la donaci\u00f3n:\t\t<\/span>\n\t\t<span class=\"give-final-total-amount\"\n\t\t\t  data-total=\"100\">\n\t\t\t&#36;100\t\t<\/span>\n\t\t<span id=\"give-recurring-modal-period-wrap\" class=\"give-hidden\"><span id=\"give-recurring-modal-period\">One Time<\/span><\/span>\t<\/p>\n\t\t<input type=\"hidden\" name=\"give_action\" value=\"purchase\"\/>\n\t<input type=\"hidden\" name=\"give-gateway\" value=\"paypal\"\/>\n\t\t<div class=\"give-submit-button-wrap give-clearfix\">\n\t\t<input type=\"submit\" class=\"give-submit give-btn\" id=\"give-purchase-button\" name=\"give-purchase\"\n\t\t\t   value=\"Donar ahora\" data-before-validation-label=\"Donar ahora\"\/>\n\t\t<span class=\"give-loading-animation\"><\/span>\n\t<\/div>\n\t\t<\/fieldset>\n\t\n\t<\/div>\n\n\t\t\t\t<\/form>\n\n\t\t\t\n\t<\/div><!--end #give-form-733-->\n\t<br \/>\nAlso, consider supporting LEAP by shopping at top stores. <a href=\"https:\/\/www.leapacademycharter.org\/wp-content\/uploads\/2017\/08\/FundraisingMadeEasy.pdf\">Click here<\/a> for more information.<\/p>","protected":false},"excerpt":{"rendered":"<p>Ayude a financiar nuestros innovadores programas, instalaciones, becas, crecimiento futuro y sostenibilidad La Academia LEAP depende de subvenciones,<\/p>\n","protected":false},"author":2,"featured_media":8337,"parent":0,"menu_order":0,"comment_status":"closed","ping_status":"closed","template":"","meta":{"_acf_changed":false,"give_campaign_id":0,"footnotes":""},"class_list":["post-49","page","type-page","status-publish","has-post-thumbnail","hentry"],"acf":[],"aioseo_notices":[],"campaignId":"","_links":{"self":[{"href":"https:\/\/www.leapacademycharter.org\/es\/wp-json\/wp\/v2\/pages\/49","targetHints":{"allow":["GET"]}}],"collection":[{"href":"https:\/\/www.leapacademycharter.org\/es\/wp-json\/wp\/v2\/pages"}],"about":[{"href":"https:\/\/www.leapacademycharter.org\/es\/wp-json\/wp\/v2\/types\/page"}],"author":[{"embeddable":true,"href":"https:\/\/www.leapacademycharter.org\/es\/wp-json\/wp\/v2\/users\/2"}],"replies":[{"embeddable":true,"href":"https:\/\/www.leapacademycharter.org\/es\/wp-json\/wp\/v2\/comments?post=49"}],"version-history":[{"count":15,"href":"https:\/\/www.leapacademycharter.org\/es\/wp-json\/wp\/v2\/pages\/49\/revisions"}],"predecessor-version":[{"id":8340,"href":"https:\/\/www.leapacademycharter.org\/es\/wp-json\/wp\/v2\/pages\/49\/revisions\/8340"}],"wp:featuredmedia":[{"embeddable":true,"href":"https:\/\/www.leapacademycharter.org\/es\/wp-json\/wp\/v2\/media\/8337"}],"wp:attachment":[{"href":"https:\/\/www.leapacademycharter.org\/es\/wp-json\/wp\/v2\/media?parent=49"}],"curies":[{"name":"wp","href":"https:\/\/api.w.org\/{rel}","templated":true}]}}