{"id":51,"date":"2017-05-26T19:14:17","date_gmt":"2017-05-26T19:14:17","guid":{"rendered":"https:\/\/www.leapacademycharter.org\/?page_id=51"},"modified":"2023-03-31T13:58:46","modified_gmt":"2023-03-31T17:58:46","slug":"centers-of-excellence","status":"publish","type":"page","link":"https:\/\/www.leapacademycharter.org\/es\/los-centros-de-excelencia-de-rutgersleap\/","title":{"rendered":"Los Centros de Excelencia de Rutgers\/LEAP"},"content":{"rendered":"<p>Los Centros de Excelencia Rutgers\/LEAP<\/h2><div class=\"center-list cf\"><div class=\"center blkgroup\"><a href=\"https:\/\/www.leapacademycharter.org\/es\/centers-of-excellence\/programa-de-universidad-temprana\/\"><img decoding=\"async\" class=\"xs-hide\" src=\"https:\/\/www.leapacademycharter.org\/wp-content\/uploads\/2018\/05\/earlycolleger1x1.jpg\" alt=\"\" \/><img decoding=\"async\" class=\"hide xs-show\" src=\"https:\/\/www.leapacademycharter.org\/wp-content\/uploads\/2018\/05\/earlycolleger1x1.jpg\" alt=\"\" \/><div class=\"content\"><div class=\"text\"><h3>Programa de Universidad Temprana<\/h3><span class=\"readmore\">Conozca Mas<\/span><\/div><\/div><\/a><\/div><div class=\"center blkgroup\"><a href=\"https:\/\/www.leapacademycharter.org\/es\/centers-of-excellence\/college-access-center\/\"><img decoding=\"async\" class=\"xs-hide\" src=\"https:\/\/www.leapacademycharter.org\/wp-content\/uploads\/2017\/06\/College_Access-1x1-1.jpg\" alt=\"\" \/><img decoding=\"async\" class=\"hide xs-show\" src=\"https:\/\/www.leapacademycharter.org\/wp-content\/uploads\/2017\/06\/College_Access-1x1-1.jpg\" alt=\"\" \/><div class=\"content\"><div class=\"text\"><h3>Centro para el Acceso a la Universidad<\/h3><span class=\"readmore\">Conozca Mas<\/span><\/div><\/div><\/a><\/div><div class=\"center blkgroup\"><a href=\"https:\/\/www.leapacademycharter.org\/es\/centers-of-excellence\/health-wellness-center\/\"><img decoding=\"async\" class=\"xs-hide\" src=\"https:\/\/www.leapacademycharter.org\/wp-content\/uploads\/2017\/06\/DSC_9913-1x1.jpg\" alt=\"\" \/><img decoding=\"async\" class=\"hide xs-show\" src=\"https:\/\/www.leapacademycharter.org\/wp-content\/uploads\/2017\/06\/DSC_9913-1x1.jpg\" alt=\"\" \/><div class=\"content\"><div class=\"text\"><h3>Centro de Servicios de Salud y Bienestar LEAP<\/h3><span class=\"readmore\">Conozca Mas<\/span><\/div><\/div><\/a><\/div><div class=\"center blkgroup\"><a href=\"https:\/\/www.leapacademycharter.org\/es\/centers-of-excellence\/centro-de-apoyo-para-familias-y-estudiantes\/\"><img decoding=\"async\" class=\"xs-hide\" src=\"https:\/\/www.leapacademycharter.org\/wp-content\/uploads\/2017\/06\/family-support-1x1-1.jpg\" alt=\"\" \/><img decoding=\"async\" class=\"hide xs-show\" src=\"https:\/\/www.leapacademycharter.org\/wp-content\/uploads\/2017\/06\/family-support-1x1-1.jpg\" alt=\"\" \/><div class=\"content\"><div class=\"text\"><h3>Centro de Apoyo para Familias y Estudiantes<\/h3><span class=\"readmore\">Conozca Mas<\/span><\/div><\/div><\/a><\/div><div class=\"center blkgroup\"><a href=\"https:\/\/www.leapacademycharter.org\/es\/centers-of-excellence\/fabrication-lab\/\"><img decoding=\"async\" class=\"xs-hide\" src=\"https:\/\/www.leapacademycharter.org\/wp-content\/uploads\/2017\/06\/fablab-1x1-1.jpg\" alt=\"\" \/><img decoding=\"async\" class=\"hide xs-show\" src=\"https:\/\/www.leapacademycharter.org\/wp-content\/uploads\/2017\/06\/fablab-1x1-1.jpg\" alt=\"\" \/><div class=\"content\"><div class=\"text\"><h3>Laboratorio de Fabricaci\u00f3n (FabLab LEAP)<\/h3><span class=\"readmore\">Conozca Mas<\/span><\/div><\/div><\/a><\/div><div class=\"center blkgroup\"><a href=\"https:\/\/www.leapacademycharter.org\/es\/centers-of-excellence\/centro-de-participacion-de-padres-de-la-academia-leapacademia-de-padres\/\"><img decoding=\"async\" class=\"xs-hide\" src=\"https:\/\/www.leapacademycharter.org\/wp-content\/uploads\/2017\/06\/parent-center-1x1-1.jpg\" alt=\"\" \/><img decoding=\"async\" class=\"hide xs-show\" src=\"https:\/\/www.leapacademycharter.org\/wp-content\/uploads\/2017\/06\/parent-center-1x1-1.jpg\" alt=\"\" \/><div class=\"content\"><div class=\"text\"><h3>Centro de Participaci\u00f3n de Padres de la Academia LEAP\/Academia de Padres<\/h3><span class=\"readmore\">Conozca Mas<\/span><\/div><\/div><\/a><\/div><\/div><\/div><\/p>\n<h2>Programas integrales de educaci\u00f3n, salud y de desarrollo personal y profesional<\/h2>\n<p>La Academia Universitaria LEAP y la Universidad de Rutgers han sido socios estrat\u00e9gicos desde la fase de planificaci\u00f3n de la escuela. En conjunto, ambas instituciones han mantenido a la escuela como una prioridad estrat\u00e9gica para transformar la educaci\u00f3n p\u00fablica en la ciudad de Camden. Con un enfoque transformador de la educaci\u00f3n y un compromiso con la construcci\u00f3n de canales educativos s\u00f3lidos, esta alianza Escuela-Universidad ha hecho posible que los ni\u00f1os y las familias de la ciudad tengan acceso a programas de calidad. Los Centros de Excelencia de Rutgers\/LEAP son el veh\u00edculo para coordinar los programas bajo esta alianza.<\/p>\n<p><div class=\"centers\"><h2>Los Centros de Excelencia Rutgers\/LEAP<\/h2><div class=\"center-list cf\"><div class=\"center blkgroup\"><a href=\"https:\/\/www.leapacademycharter.org\/es\/centers-of-excellence\/programa-de-universidad-temprana\/\"><img decoding=\"async\" class=\"xs-hide\" src=\"https:\/\/www.leapacademycharter.org\/wp-content\/uploads\/2018\/05\/earlycolleger1x1.jpg\" alt=\"\" \/><img decoding=\"async\" class=\"hide xs-show\" src=\"https:\/\/www.leapacademycharter.org\/wp-content\/uploads\/2018\/05\/earlycolleger1x1.jpg\" alt=\"\" \/><div class=\"content\"><div class=\"text\"><h3>Programa de Universidad Temprana<\/h3><span class=\"readmore\">Conozca Mas<\/span><\/div><\/div><\/a><\/div><div class=\"center blkgroup\"><a href=\"https:\/\/www.leapacademycharter.org\/es\/centers-of-excellence\/college-access-center\/\"><img decoding=\"async\" class=\"xs-hide\" src=\"https:\/\/www.leapacademycharter.org\/wp-content\/uploads\/2017\/06\/College_Access-1x1-1.jpg\" alt=\"\" \/><img decoding=\"async\" class=\"hide xs-show\" src=\"https:\/\/www.leapacademycharter.org\/wp-content\/uploads\/2017\/06\/College_Access-1x1-1.jpg\" alt=\"\" \/><div class=\"content\"><div class=\"text\"><h3>Centro para el Acceso a la Universidad<\/h3><span class=\"readmore\">Conozca Mas<\/span><\/div><\/div><\/a><\/div><div class=\"center blkgroup\"><a href=\"https:\/\/www.leapacademycharter.org\/es\/centers-of-excellence\/health-wellness-center\/\"><img decoding=\"async\" class=\"xs-hide\" src=\"https:\/\/www.leapacademycharter.org\/wp-content\/uploads\/2017\/06\/DSC_9913-1x1.jpg\" alt=\"\" \/><img decoding=\"async\" class=\"hide xs-show\" src=\"https:\/\/www.leapacademycharter.org\/wp-content\/uploads\/2017\/06\/DSC_9913-1x1.jpg\" alt=\"\" \/><div class=\"content\"><div class=\"text\"><h3>Centro de Servicios de Salud y Bienestar LEAP<\/h3><span class=\"readmore\">Conozca Mas<\/span><\/div><\/div><\/a><\/div><div class=\"center blkgroup\"><a href=\"https:\/\/www.leapacademycharter.org\/es\/centers-of-excellence\/centro-de-apoyo-para-familias-y-estudiantes\/\"><img decoding=\"async\" class=\"xs-hide\" src=\"https:\/\/www.leapacademycharter.org\/wp-content\/uploads\/2017\/06\/family-support-1x1-1.jpg\" alt=\"\" \/><img decoding=\"async\" class=\"hide xs-show\" src=\"https:\/\/www.leapacademycharter.org\/wp-content\/uploads\/2017\/06\/family-support-1x1-1.jpg\" alt=\"\" \/><div class=\"content\"><div class=\"text\"><h3>Centro de Apoyo para Familias y Estudiantes<\/h3><span class=\"readmore\">Conozca Mas<\/span><\/div><\/div><\/a><\/div><div class=\"center blkgroup\"><a href=\"https:\/\/www.leapacademycharter.org\/es\/centers-of-excellence\/fabrication-lab\/\"><img decoding=\"async\" class=\"xs-hide\" src=\"https:\/\/www.leapacademycharter.org\/wp-content\/uploads\/2017\/06\/fablab-1x1-1.jpg\" alt=\"\" \/><img decoding=\"async\" class=\"hide xs-show\" src=\"https:\/\/www.leapacademycharter.org\/wp-content\/uploads\/2017\/06\/fablab-1x1-1.jpg\" alt=\"\" \/><div class=\"content\"><div class=\"text\"><h3>Laboratorio de Fabricaci\u00f3n (FabLab LEAP)<\/h3><span class=\"readmore\">Conozca Mas<\/span><\/div><\/div><\/a><\/div><div class=\"center blkgroup\"><a href=\"https:\/\/www.leapacademycharter.org\/es\/centers-of-excellence\/centro-de-participacion-de-padres-de-la-academia-leapacademia-de-padres\/\"><img decoding=\"async\" class=\"xs-hide\" src=\"https:\/\/www.leapacademycharter.org\/wp-content\/uploads\/2017\/06\/parent-center-1x1-1.jpg\" alt=\"\" \/><img decoding=\"async\" class=\"hide xs-show\" src=\"https:\/\/www.leapacademycharter.org\/wp-content\/uploads\/2017\/06\/parent-center-1x1-1.jpg\" alt=\"\" \/><div class=\"content\"><div class=\"text\"><h3>Centro de Participaci\u00f3n de Padres de la Academia LEAP\/Academia de Padres<\/h3><span class=\"readmore\">Conozca Mas<\/span><\/div><\/div><\/a><\/div><\/div><\/div><\/p>","protected":false},"excerpt":{"rendered":"<p>Programas integrales de educaci\u00f3n, salud y de desarrollo personal y profesional La Academia Universitaria LEAP y la Universidad<\/p>\n","protected":false},"author":2,"featured_media":8335,"parent":0,"menu_order":0,"comment_status":"closed","ping_status":"closed","template":"","meta":{"_acf_changed":false,"give_campaign_id":0,"footnotes":""},"class_list":["post-51","page","type-page","status-publish","has-post-thumbnail","hentry"],"acf":[],"aioseo_notices":[],"campaignId":"","_links":{"self":[{"href":"https:\/\/www.leapacademycharter.org\/es\/wp-json\/wp\/v2\/pages\/51","targetHints":{"allow":["GET"]}}],"collection":[{"href":"https:\/\/www.leapacademycharter.org\/es\/wp-json\/wp\/v2\/pages"}],"about":[{"href":"https:\/\/www.leapacademycharter.org\/es\/wp-json\/wp\/v2\/types\/page"}],"author":[{"embeddable":true,"href":"https:\/\/www.leapacademycharter.org\/es\/wp-json\/wp\/v2\/users\/2"}],"replies":[{"embeddable":true,"href":"https:\/\/www.leapacademycharter.org\/es\/wp-json\/wp\/v2\/comments?post=51"}],"version-history":[{"count":9,"href":"https:\/\/www.leapacademycharter.org\/es\/wp-json\/wp\/v2\/pages\/51\/revisions"}],"predecessor-version":[{"id":9550,"href":"https:\/\/www.leapacademycharter.org\/es\/wp-json\/wp\/v2\/pages\/51\/revisions\/9550"}],"wp:featuredmedia":[{"embeddable":true,"href":"https:\/\/www.leapacademycharter.org\/es\/wp-json\/wp\/v2\/media\/8335"}],"wp:attachment":[{"href":"https:\/\/www.leapacademycharter.org\/es\/wp-json\/wp\/v2\/media?parent=51"}],"curies":[{"name":"wp","href":"https:\/\/api.w.org\/{rel}","templated":true}]}}