{"id":53,"date":"2017-05-26T19:14:27","date_gmt":"2017-05-26T19:14:27","guid":{"rendered":"https:\/\/www.leapacademycharter.org\/?page_id=53"},"modified":"2024-05-07T10:19:03","modified_gmt":"2024-05-07T14:19:03","slug":"leap-results","status":"publish","type":"page","link":"https:\/\/www.leapacademycharter.org\/es\/nuestros-resultados-en-leap\/","title":{"rendered":"Nuestros Resultados en LEAP"},"content":{"rendered":"<p><\/p>\n<h2>Enfoque en la Excelencia Acad\u00e9mica y el \u00c9xito Universitario<\/h2>\n<p>LEAP se centra en la excelencia acad\u00e9mica y la transici\u00f3n exitosa a la Universidad y las carreras. Este enfoque se fundamenta en un compromiso colectivo con la eficiencia y la excelencia que ha producido resultados extraordinarios:<\/p>\n<ul>\n<li>Nuestros estudiantes han logrado tasas perfectas (100%) de graduaci\u00f3n y de aceptaci\u00f3n a la Universidad.<\/li>\n<li>El desempe\u00f1o de los estudiantes de LEAP muestra progreso y crecimiento adecuado cada a\u00f1o.<\/li>\n<li>Los estudiantes Senior de LEAP se grad\u00faan de la Academia con cr\u00e9ditos universitarios aprobados.<\/li>\n<li>Las puntuaciones de LEAP se encuentran entre las mejores de la ciudad de Camden, y sus \u00edndices de graduaci\u00f3n y colocaci\u00f3n universitaria posicionan a la escuela entre las mejores de la regi\u00f3n y del Estado.<\/li>\n<li>El impacto de LEAP en la comunidad y econom\u00eda de Camden es visible, alineado y sigue creciendo.<\/li>\n<\/ul>\n<h2>Resultados de Graduaci\u00f3n de Secundaria<\/h2>\n<p>Desde su creaci\u00f3n en 1997, y comenzando con su primera clase de graduada en 2005, la Academia LEAP ha mantenido una tasa de graduaci\u00f3n del 100%.<\/p>\n<h2>Los Resultados de Colocaci\u00f3n Universitaria<\/h2>\n<p>Comenzando con su primera clase graduada en 2005, la Academia LEAP ha mantenido el 100% de colocaci\u00f3n universitaria para cada una de sus cohortes graduadas, asegurando la colocaci\u00f3n en la Universidad para cada uno de sus graduados Senior desde 2005 hasta su clase m\u00e1s reciente en 2018.<\/p>\n<h2>Participaci\u00f3n en Programas de Doble Inscripci\u00f3n<\/h2>\n<p>A los estudiantes de la Academia LEAP se les ofrece la oportunidad de tomar cr\u00e9ditos universitarios a trav\u00e9s de su\u00a0 participaci\u00f3n en programas de doble inscripci\u00f3n una vez que alcanzan el noveno grado. El n\u00famero de estudiantes participantes de doble inscripci\u00f3n ha aumentado exponencialmente desde 2021.<\/p>\n<p><\/p>","protected":false},"excerpt":{"rendered":"<p>Enfoque en la Excelencia Acad\u00e9mica y el \u00c9xito Universitario LEAP se centra en la excelencia acad\u00e9mica y la<\/p>\n","protected":false},"author":2,"featured_media":8929,"parent":0,"menu_order":0,"comment_status":"closed","ping_status":"closed","template":"","meta":{"_acf_changed":false,"give_campaign_id":0,"footnotes":""},"class_list":["post-53","page","type-page","status-publish","has-post-thumbnail","hentry"],"acf":[],"aioseo_notices":[],"campaignId":"","_links":{"self":[{"href":"https:\/\/www.leapacademycharter.org\/es\/wp-json\/wp\/v2\/pages\/53","targetHints":{"allow":["GET"]}}],"collection":[{"href":"https:\/\/www.leapacademycharter.org\/es\/wp-json\/wp\/v2\/pages"}],"about":[{"href":"https:\/\/www.leapacademycharter.org\/es\/wp-json\/wp\/v2\/types\/page"}],"author":[{"embeddable":true,"href":"https:\/\/www.leapacademycharter.org\/es\/wp-json\/wp\/v2\/users\/2"}],"replies":[{"embeddable":true,"href":"https:\/\/www.leapacademycharter.org\/es\/wp-json\/wp\/v2\/comments?post=53"}],"version-history":[{"count":47,"href":"https:\/\/www.leapacademycharter.org\/es\/wp-json\/wp\/v2\/pages\/53\/revisions"}],"predecessor-version":[{"id":9073,"href":"https:\/\/www.leapacademycharter.org\/es\/wp-json\/wp\/v2\/pages\/53\/revisions\/9073"}],"wp:featuredmedia":[{"embeddable":true,"href":"https:\/\/www.leapacademycharter.org\/es\/wp-json\/wp\/v2\/media\/8929"}],"wp:attachment":[{"href":"https:\/\/www.leapacademycharter.org\/es\/wp-json\/wp\/v2\/media?parent=53"}],"curies":[{"name":"wp","href":"https:\/\/api.w.org\/{rel}","templated":true}]}}