{"id":55,"date":"2017-05-26T19:14:36","date_gmt":"2017-05-26T19:14:36","guid":{"rendered":"https:\/\/www.leapacademycharter.org\/?page_id=55"},"modified":"2018-11-16T10:47:14","modified_gmt":"2018-11-16T15:47:14","slug":"leap-model","status":"publish","type":"page","link":"https:\/\/www.leapacademycharter.org\/es\/el-modelo-leap\/","title":{"rendered":"El Modelo LEAP"},"content":{"rendered":"<p><\/p>\n<h2>La Excelencia Educativa Impulsa al Desarrollo Econ\u00f3mico y Comunitario<\/h2>\n<p>El Modelo LEAP reafirma la excelencia acad\u00e9mica y el desarrollo comunitario a trav\u00e9s de programas de educaci\u00f3n de calidad, salud integral y desarrollo social, personal y profesional para familias y estudiantes de los centros urbanos, en un continuo que va desde la cuna hasta la Universidad.<\/p>\n<p>LEAP se cimenta su modelo en la creencia de que una educaci\u00f3n de calidad puede mejorar las oportunidades de completar una carrera para los afroamericanos y latinos que viven en entornos urbanos vulnerables, mientras que sirve como un v\u00ednculo para el desarrollo comunitario y econ\u00f3mico de los centros urbanos.<\/p>\n<p>El Modelo LEAP se sustenta a partir de un apremiante compromiso con la rendici\u00f3n de cuentas para las personas, el tiempo, el dinero y los programas, y de la promesa de preparaci\u00f3n y acceso a la Universidad para todos los estudiantes, desde la infancia hasta el grado 12.<\/p>\n<h2>El Modelo LEAP<\/h2>\n<p>&nbsp;<\/p>\n<p style=\"text-align: center;\"><img decoding=\"async\" class=\"size-large wp-image-2093 aligncenter\" src=\"https:\/\/www.leapacademycharter.org\/wp-content\/uploads\/2018\/07\/LEAP-Model-Espanol-1920-1024x1024.png\" alt=\"\" \/><\/p>\n<p><\/p>","protected":false},"excerpt":{"rendered":"<p>La Excelencia Educativa Impulsa al Desarrollo Econ\u00f3mico y Comunitario El Modelo LEAP reafirma la excelencia acad\u00e9mica y el<\/p>\n","protected":false},"author":2,"featured_media":4285,"parent":0,"menu_order":0,"comment_status":"closed","ping_status":"closed","template":"","meta":{"_acf_changed":false,"give_campaign_id":0,"footnotes":""},"class_list":["post-55","page","type-page","status-publish","has-post-thumbnail","hentry"],"acf":[],"aioseo_notices":[],"campaignId":"","_links":{"self":[{"href":"https:\/\/www.leapacademycharter.org\/es\/wp-json\/wp\/v2\/pages\/55","targetHints":{"allow":["GET"]}}],"collection":[{"href":"https:\/\/www.leapacademycharter.org\/es\/wp-json\/wp\/v2\/pages"}],"about":[{"href":"https:\/\/www.leapacademycharter.org\/es\/wp-json\/wp\/v2\/types\/page"}],"author":[{"embeddable":true,"href":"https:\/\/www.leapacademycharter.org\/es\/wp-json\/wp\/v2\/users\/2"}],"replies":[{"embeddable":true,"href":"https:\/\/www.leapacademycharter.org\/es\/wp-json\/wp\/v2\/comments?post=55"}],"version-history":[{"count":34,"href":"https:\/\/www.leapacademycharter.org\/es\/wp-json\/wp\/v2\/pages\/55\/revisions"}],"predecessor-version":[{"id":3804,"href":"https:\/\/www.leapacademycharter.org\/es\/wp-json\/wp\/v2\/pages\/55\/revisions\/3804"}],"wp:featuredmedia":[{"embeddable":true,"href":"https:\/\/www.leapacademycharter.org\/es\/wp-json\/wp\/v2\/media\/4285"}],"wp:attachment":[{"href":"https:\/\/www.leapacademycharter.org\/es\/wp-json\/wp\/v2\/media?parent=55"}],"curies":[{"name":"wp","href":"https:\/\/api.w.org\/{rel}","templated":true}]}}