{"id":57,"date":"2017-05-26T19:14:47","date_gmt":"2017-05-26T19:14:47","guid":{"rendered":"https:\/\/www.leapacademycharter.org\/?page_id=57"},"modified":"2021-11-04T09:42:27","modified_gmt":"2021-11-04T13:42:27","slug":"about","status":"publish","type":"page","link":"https:\/\/www.leapacademycharter.org\/es\/sobre\/","title":{"rendered":"Sobre Nosotros"},"content":{"rendered":"<p><\/p>\n<h2>Transformando oportunidades educativas para las familias y estudiantes en Camden, Nueva Jersey<\/h2>\n<p>La Academia Universitaria LEAP (LEAP) es una escuela p\u00fablica Alianza que sirve a los estudiantes en Camden, Nueva Jersey, desde la infancia hasta el grado 12. LEAP provee una educaci\u00f3n preparatoria universitaria con un enfoque acad\u00e9mico en las \u00e1reas de contenido de STEM\/STEAM (ciencias, tecnolog\u00eda, ingenier\u00eda, artes y tecnolog\u00eda, por sus siglas en ingl\u00e9s). El programa educativo est\u00e1 anclado en colaboraciones multidisciplinarias y apoyado por oportunidades para que los estudiantes participen en el aprendizaje de manera activa, integrada y autodirigida, a lo largo de los distintos niveles de grado.<\/p>\n<p>La filosof\u00eda educativa de LEAP concentra sus esfuerzos en garantizar la preparaci\u00f3n adecuada, el acceso y la terminaci\u00f3n de una carrera universitaria para estudiantes afroamericanos y latinos, mientras se enfrenta al constante desaf\u00edo de tender un puente sobre la brecha de logros que impide a demasiados afroamericanos y latinos completar exitosamente los grados universitarios.<\/p>\n<p>LEAP cuenta con una alianza estrat\u00e9gica con Rutgers, la Universidad Estatal de Nueva Jersey \u2013 Recinto de Camden. Con esta alianza, los servicios y el apoyo a LEAP se canalizan a trav\u00e9s de Centros de Excelencia con sede en la escuela. La oferta de los Centros incluye servicios y apoyo en las \u00e1reas de educaci\u00f3n, salud, desarrollo profesional, desarrollo de padres y diversos programas acad\u00e9micos innovadores para las familias, estudiantes y personal en general de la escuela. El esp\u00edritu colaborativo entre una Universidad de investigaci\u00f3n (Rutgers) y una escuela (LEAP) hace posible el alineamiento verdadero entre de las expectativas acad\u00e9micas la educaci\u00f3n post secundaria y las &nbsp;de K-12.<\/p>\n<p>&nbsp;<\/p>","protected":false},"excerpt":{"rendered":"<p>Transformando oportunidades educativas para las familias y estudiantes en Camden, Nueva Jersey La Academia Universitaria LEAP (LEAP) es<\/p>\n","protected":false},"author":2,"featured_media":4290,"parent":0,"menu_order":0,"comment_status":"closed","ping_status":"closed","template":"","meta":{"_acf_changed":false,"give_campaign_id":0,"footnotes":""},"class_list":["post-57","page","type-page","status-publish","has-post-thumbnail","hentry"],"acf":[],"aioseo_notices":[],"campaignId":"","_links":{"self":[{"href":"https:\/\/www.leapacademycharter.org\/es\/wp-json\/wp\/v2\/pages\/57","targetHints":{"allow":["GET"]}}],"collection":[{"href":"https:\/\/www.leapacademycharter.org\/es\/wp-json\/wp\/v2\/pages"}],"about":[{"href":"https:\/\/www.leapacademycharter.org\/es\/wp-json\/wp\/v2\/types\/page"}],"author":[{"embeddable":true,"href":"https:\/\/www.leapacademycharter.org\/es\/wp-json\/wp\/v2\/users\/2"}],"replies":[{"embeddable":true,"href":"https:\/\/www.leapacademycharter.org\/es\/wp-json\/wp\/v2\/comments?post=57"}],"version-history":[{"count":34,"href":"https:\/\/www.leapacademycharter.org\/es\/wp-json\/wp\/v2\/pages\/57\/revisions"}],"predecessor-version":[{"id":7439,"href":"https:\/\/www.leapacademycharter.org\/es\/wp-json\/wp\/v2\/pages\/57\/revisions\/7439"}],"wp:featuredmedia":[{"embeddable":true,"href":"https:\/\/www.leapacademycharter.org\/es\/wp-json\/wp\/v2\/media\/4290"}],"wp:attachment":[{"href":"https:\/\/www.leapacademycharter.org\/es\/wp-json\/wp\/v2\/media?parent=57"}],"curies":[{"name":"wp","href":"https:\/\/api.w.org\/{rel}","templated":true}]}}